{"id":233,"date":"2014-12-02T04:07:09","date_gmt":"2014-12-02T04:07:09","guid":{"rendered":"http:\/\/d1c.ca\/?page_id=233"},"modified":"2021-03-19T19:14:33","modified_gmt":"2021-03-19T19:14:33","slug":"services","status":"publish","type":"page","link":"https:\/\/d1c.ca\/en\/services\/","title":{"rendered":"Services"},"content":{"rendered":"<section class=\"dnd_section_dd services_bottom_margin\" style=\"background-color:#ffffff;\">\n\t\t\n\t\t<div class=\"dnd_section_content\"><div class=\"dnd_container\">\n<div class=\"dnd_column_dd_span12 \">\n\r\n\t\t<div class=\"dnd_service_box dnd_service_box_round_aside2 \">\r\n\t\t\t<div class=\"dnd_service_box_header\"><div class=\"dnd_icon_boxed\"><i class=\"icon-home2\"><\/i><\/div><h3>Residential, commercial & industrial<\/h3><span class=\"service_box_subtitle\">FOR PRIVATE PROJECT<\/span><\/div>\r\n\t\t\t<p>\n<ul class=\"dnd_shortcode_ul \">\n<li><i class=\"icon-ok\" style=\"color:#860000;\"><\/i>\n<p>Foundation<\/p>\n<\/li>\n<li><i class=\"icon-ok\" style=\"color:#860000;\"><\/i>\n<p>Land planning<\/p>\n<\/li>\n<li><i class=\"icon-ok\" style=\"color:#860000;\"><\/i>\n<p>Well<\/p>\n<\/li>\n<li><i class=\"icon-ok\" style=\"color:#860000;\"><\/i>\n<p>Septic tank<\/p>\n<\/li>\n<li><i class=\"icon-ok\" style=\"color:#860000;\"><\/i>\n<p>Pool<\/p>\n<\/li>\n<li><i class=\"icon-ok\" style=\"color:#860000;\"><\/i>\n<p>Mountain ski slope<\/p>\n<\/li>\n<\/ul>\n<\/p>\r\n\t\t<\/div>\n\r\n\t\t<div class=\"dnd_service_box dnd_service_box_round_aside2 \">\r\n\t\t\t<div class=\"dnd_service_box_header\"><div class=\"dnd_icon_boxed\"><i class=\"icon-road\"><\/i><\/div><h3>Civil engineering and road<\/h3><span class=\"service_box_subtitle\">FOR MAJOR PROJECTS<\/span><\/div>\r\n\t\t\t<p>\n<ul class=\"dnd_shortcode_ul \">\n<li><i class=\"icon-ok\" style=\"color:#860000;\"><\/i>\n<p>Road<\/p>\n<\/li>\n<li><i class=\"icon-ok\" style=\"color:#860000;\"><\/i>\n<p>Highway<\/p>\n<\/li>\n<li><i class=\"icon-ok\" style=\"color:#860000;\"><\/i>\n<p>Trench pipe (water &#038; sewer)<\/p>\n<\/li>\n<li><i class=\"icon-ok\" style=\"color:#860000;\"><\/i>\n<p>Anchorage<\/p>\n<\/li>\n<li><i class=\"icon-ok\" style=\"color:#860000;\"><\/i>\n<p>Forest road<\/p>\n<\/li>\n<li><i class=\"icon-ok\" style=\"color:#860000;\"><\/i>\n<p>Pipeline<\/p>\n<\/li>\n<li><i class=\"icon-ok\" style=\"color:#860000;\"><\/i>\n<p>Hydroelectric project<\/p>\n<\/li>\n<li><i class=\"icon-ok\" style=\"color:#860000;\"><\/i>\n<p>Rockwall<\/p>\n<\/li>\n<\/ul>\n<\/p>\r\n\t\t<\/div>\n\r\n\t\t<div class=\"dnd_service_box dnd_service_box_round_aside2 \">\r\n\t\t\t<div class=\"dnd_service_box_header\"><div class=\"dnd_icon_boxed\"><i class=\"icon-cog\"><\/i><\/div><h3>Quarry<\/h3><span class=\"service_box_subtitle\">BEST QUALITY OF STONE<\/span><\/div>\r\n\t\t\t<p>\n<ul class=\"dnd_shortcode_ul \">\n<li><i class=\"icon-ok\" style=\"color:#860000;\"><\/i>\n<p>Aggregate production of all sizes<\/p>\n<\/li>\n<li><i class=\"icon-ok\" style=\"color:#860000;\"><\/i>\n<p>Stone riprap<\/p>\n<\/li>\n<\/ul>\n<\/p>\r\n\t\t<\/div>\n<\/div>\n<\/div><\/div>\n\t\t\n\t\t\n\t<\/section>\n<section class=\"dnd_section_dd no_padding\" style=\"background-color:#eeeeee;\">\n\t\t\n\t\t<div class=\"dnd_section_content\"><div class=\"dnd_container\">\n<div class=\"dnd_column_dd_span12 \">\n<div class=\"dnd-callout_box \"><div class=\"dnd_container\"><div class=\"dnd_column_dd_span8\"><span class=\"dnd-callout_box_title\">You want to achieve your brand <strong>new project?<\/strong><\/span>\r\n\t\t<p><\/p><\/div>\r\n\t\t\t\t<div class=\"dnd_column_dd_span4\">\r\n\t\t\t\t\t<a href=\"http:\/\/d1c.ca\/en\/online-quote\/\" target=\"_self\" class=\"dnd-button dnd-button_light dnd-button_normal dnd-button_medium\">Online quote available<\/a>\r\n\t\t\t\t<\/div>\r\n\t\t\t<\/div><\/div>\n<\/div>\n<\/div><\/div>\n\t\t\n\t\t\n\t<\/section>\n","protected":false},"excerpt":{"rendered":"","protected":false},"author":1,"featured_media":0,"parent":0,"menu_order":0,"comment_status":"closed","ping_status":"closed","template":"page-no-container.php","meta":[],"yoast_head":"<!-- This site is optimized with the Yoast SEO plugin v19.3 - https:\/\/yoast.com\/wordpress\/plugins\/seo\/ -->\n<title>Services :: Dynamitage 1\u00e8re Classe<\/title>\n<meta name=\"description\" content=\"We offer ours services for residential, commercial, industrial, for civil engineering and road as well as quarry.\" \/>\n<meta name=\"robots\" content=\"index, follow, max-snippet:-1, max-image-preview:large, max-video-preview:-1\" \/>\n<link rel=\"canonical\" href=\"https:\/\/d1c.ca\/en\/services\/\" \/>\n<meta property=\"og:locale\" content=\"en_US\" \/>\n<meta property=\"og:type\" content=\"article\" \/>\n<meta property=\"og:title\" content=\"Services :: Dynamitage 1\u00e8re Classe\" \/>\n<meta property=\"og:description\" content=\"We offer ours services for residential, commercial, industrial, for civil engineering and road as well as quarry.\" \/>\n<meta property=\"og:url\" content=\"https:\/\/d1c.ca\/en\/services\/\" \/>\n<meta property=\"og:site_name\" content=\"Dynamitage 1\u00e8re Classe\" \/>\n<meta property=\"article:publisher\" content=\"https:\/\/www.facebook.com\/dynamitage1ereclasse\" \/>\n<meta property=\"article:modified_time\" content=\"2021-03-19T19:14:33+00:00\" \/>\n<meta name=\"twitter:card\" content=\"summary\" \/>\n<meta name=\"twitter:label1\" content=\"Est. reading time\" \/>\n\t<meta name=\"twitter:data1\" content=\"1 minute\" \/>\n<script type=\"application\/ld+json\" class=\"yoast-schema-graph\">{\"@context\":\"https:\/\/schema.org\",\"@graph\":[{\"@type\":\"Organization\",\"@id\":\"https:\/\/d1c.ca\/#organization\",\"name\":\"Dynamitage 1\u00e8re Classe\",\"url\":\"https:\/\/d1c.ca\/\",\"sameAs\":[\"https:\/\/www.facebook.com\/dynamitage1ereclasse\"],\"logo\":{\"@type\":\"ImageObject\",\"inLanguage\":\"en-US\",\"@id\":\"https:\/\/d1c.ca\/#\/schema\/logo\/image\/\",\"url\":\"https:\/\/d1c.ca\/wp-content\/uploads\/Logo-125-noir.png\",\"contentUrl\":\"https:\/\/d1c.ca\/wp-content\/uploads\/Logo-125-noir.png\",\"width\":125,\"height\":78,\"caption\":\"Dynamitage 1\u00e8re Classe\"},\"image\":{\"@id\":\"https:\/\/d1c.ca\/#\/schema\/logo\/image\/\"}},{\"@type\":\"WebSite\",\"@id\":\"https:\/\/d1c.ca\/#website\",\"url\":\"https:\/\/d1c.ca\/\",\"name\":\"Dynamitage 1\u00e8re Classe\",\"description\":\"Expert en dynamitage r\u00e9sidentiel et commercial au Qu\u00e9bec\",\"publisher\":{\"@id\":\"https:\/\/d1c.ca\/#organization\"},\"potentialAction\":[{\"@type\":\"SearchAction\",\"target\":{\"@type\":\"EntryPoint\",\"urlTemplate\":\"https:\/\/d1c.ca\/?s={search_term_string}\"},\"query-input\":\"required name=search_term_string\"}],\"inLanguage\":\"en-US\"},{\"@type\":\"WebPage\",\"@id\":\"https:\/\/d1c.ca\/en\/services\/\",\"url\":\"https:\/\/d1c.ca\/en\/services\/\",\"name\":\"Services :: Dynamitage 1\u00e8re Classe\",\"isPartOf\":{\"@id\":\"https:\/\/d1c.ca\/#website\"},\"datePublished\":\"2014-12-02T04:07:09+00:00\",\"dateModified\":\"2021-03-19T19:14:33+00:00\",\"description\":\"We offer ours services for residential, commercial, industrial, for civil engineering and road as well as quarry.\",\"breadcrumb\":{\"@id\":\"https:\/\/d1c.ca\/en\/services\/#breadcrumb\"},\"inLanguage\":\"en-US\",\"potentialAction\":[{\"@type\":\"ReadAction\",\"target\":[\"https:\/\/d1c.ca\/en\/services\/\"]}]},{\"@type\":\"BreadcrumbList\",\"@id\":\"https:\/\/d1c.ca\/en\/services\/#breadcrumb\",\"itemListElement\":[{\"@type\":\"ListItem\",\"position\":1,\"name\":\"Accueil\",\"item\":\"https:\/\/d1c.ca\/en\/\"},{\"@type\":\"ListItem\",\"position\":2,\"name\":\"Services\"}]}]}<\/script>\n<!-- \/ Yoast SEO plugin. -->","yoast_head_json":{"title":"Services :: Dynamitage 1\u00e8re Classe","description":"We offer ours services for residential, commercial, industrial, for civil engineering and road as well as quarry.","robots":{"index":"index","follow":"follow","max-snippet":"max-snippet:-1","max-image-preview":"max-image-preview:large","max-video-preview":"max-video-preview:-1"},"canonical":"https:\/\/d1c.ca\/en\/services\/","og_locale":"en_US","og_type":"article","og_title":"Services :: Dynamitage 1\u00e8re Classe","og_description":"We offer ours services for residential, commercial, industrial, for civil engineering and road as well as quarry.","og_url":"https:\/\/d1c.ca\/en\/services\/","og_site_name":"Dynamitage 1\u00e8re Classe","article_publisher":"https:\/\/www.facebook.com\/dynamitage1ereclasse","article_modified_time":"2021-03-19T19:14:33+00:00","twitter_card":"summary","twitter_misc":{"Est. reading time":"1 minute"},"schema":{"@context":"https:\/\/schema.org","@graph":[{"@type":"Organization","@id":"https:\/\/d1c.ca\/#organization","name":"Dynamitage 1\u00e8re Classe","url":"https:\/\/d1c.ca\/","sameAs":["https:\/\/www.facebook.com\/dynamitage1ereclasse"],"logo":{"@type":"ImageObject","inLanguage":"en-US","@id":"https:\/\/d1c.ca\/#\/schema\/logo\/image\/","url":"https:\/\/d1c.ca\/wp-content\/uploads\/Logo-125-noir.png","contentUrl":"https:\/\/d1c.ca\/wp-content\/uploads\/Logo-125-noir.png","width":125,"height":78,"caption":"Dynamitage 1\u00e8re Classe"},"image":{"@id":"https:\/\/d1c.ca\/#\/schema\/logo\/image\/"}},{"@type":"WebSite","@id":"https:\/\/d1c.ca\/#website","url":"https:\/\/d1c.ca\/","name":"Dynamitage 1\u00e8re Classe","description":"Expert en dynamitage r\u00e9sidentiel et commercial au Qu\u00e9bec","publisher":{"@id":"https:\/\/d1c.ca\/#organization"},"potentialAction":[{"@type":"SearchAction","target":{"@type":"EntryPoint","urlTemplate":"https:\/\/d1c.ca\/?s={search_term_string}"},"query-input":"required name=search_term_string"}],"inLanguage":"en-US"},{"@type":"WebPage","@id":"https:\/\/d1c.ca\/en\/services\/","url":"https:\/\/d1c.ca\/en\/services\/","name":"Services :: Dynamitage 1\u00e8re Classe","isPartOf":{"@id":"https:\/\/d1c.ca\/#website"},"datePublished":"2014-12-02T04:07:09+00:00","dateModified":"2021-03-19T19:14:33+00:00","description":"We offer ours services for residential, commercial, industrial, for civil engineering and road as well as quarry.","breadcrumb":{"@id":"https:\/\/d1c.ca\/en\/services\/#breadcrumb"},"inLanguage":"en-US","potentialAction":[{"@type":"ReadAction","target":["https:\/\/d1c.ca\/en\/services\/"]}]},{"@type":"BreadcrumbList","@id":"https:\/\/d1c.ca\/en\/services\/#breadcrumb","itemListElement":[{"@type":"ListItem","position":1,"name":"Accueil","item":"https:\/\/d1c.ca\/en\/"},{"@type":"ListItem","position":2,"name":"Services"}]}]}},"_links":{"self":[{"href":"https:\/\/d1c.ca\/en\/wp-json\/wp\/v2\/pages\/233"}],"collection":[{"href":"https:\/\/d1c.ca\/en\/wp-json\/wp\/v2\/pages"}],"about":[{"href":"https:\/\/d1c.ca\/en\/wp-json\/wp\/v2\/types\/page"}],"author":[{"embeddable":true,"href":"https:\/\/d1c.ca\/en\/wp-json\/wp\/v2\/users\/1"}],"replies":[{"embeddable":true,"href":"https:\/\/d1c.ca\/en\/wp-json\/wp\/v2\/comments?post=233"}],"version-history":[{"count":4,"href":"https:\/\/d1c.ca\/en\/wp-json\/wp\/v2\/pages\/233\/revisions"}],"predecessor-version":[{"id":243,"href":"https:\/\/d1c.ca\/en\/wp-json\/wp\/v2\/pages\/233\/revisions\/243"}],"wp:attachment":[{"href":"https:\/\/d1c.ca\/en\/wp-json\/wp\/v2\/media?parent=233"}],"curies":[{"name":"wp","href":"https:\/\/api.w.org\/{rel}","templated":true}]}}