{"id":219,"date":"2014-12-02T03:51:25","date_gmt":"2014-12-02T03:51:25","guid":{"rendered":"http:\/\/d1c.ca\/?page_id=219"},"modified":"2021-03-19T19:17:48","modified_gmt":"2021-03-19T19:17:48","slug":"achievements","status":"publish","type":"page","link":"https:\/\/d1c.ca\/en\/achievements\/","title":{"rendered":"Achievements"},"content":{"rendered":"<section class=\"dnd_section_dd \" style=\"\">\n\t\t\n\t\t<div class=\"dnd_section_content\"><div class=\"dnd_container\">\n<div class=\"dnd_column_dd_span12 \">\n<h3><span>Dynamitage 1\u00e8re Classe : Leader in Quebec!<\/span><\/h3>\n<div class=\"margin_realisations_text\">Check out our latest achievements in blasting and drilling. The work carried out all over the province by our professional team, meeting the highest requirements of each client.<\/div>\n<\/div>\n<\/div><\/div>\n\t\t\n\t\t\n\t<\/section>\n<section class=\"dnd_section_dd we_love_our_works section_body_fullwidth\" style=\"background-color:#ffffff;\">\n\t\t\n\t\t<div class=\"dnd_section_content\"><div class=\"dnd_container\">\n<div class=\"dnd_column_dd_span12 realisations_bottom\">\n\n\t\t<ul id=\"filters\" class=\"portfolio_filter option-set clearfix\" data-option-key=\"filter\"><li><a href=\"#filter\" data-option-value=\"*\" class=\"selected\">All<\/a><\/li><li><a href=\"#filter\" data-option-value=\".civil-engineering-roads\">Civil engineering &amp; roads<\/a><\/li><li><a href=\"#filter\" data-option-value=\".quarry\">Quarry<\/a><\/li><li><a href=\"#filter\" data-option-value=\".residential-commercial-industrial\">Residential, commercial &amp; industrial<\/a><\/li><\/ul>\n\t\t<div id=\"ABdev_latest_portfolio\" class=\"clearfix\">\n\t\t\t<div class=\"portfolio_item portfolio_item_4 civil-engineering-roads\">\n\t\t\t\t<div class=\"overlayed\">\n\t\t\t\t\t<img width=\"770\" height=\"619\" src=\"https:\/\/d1c.ca\/wp-content\/uploads\/Romaine2.jpg\" class=\"attachment-post-thumbnail size-post-thumbnail wp-post-image\" alt=\"\" loading=\"lazy\" srcset=\"https:\/\/d1c.ca\/wp-content\/uploads\/Romaine2.jpg 770w, https:\/\/d1c.ca\/wp-content\/uploads\/Romaine2-300x241.jpg 300w\" sizes=\"(max-width: 770px) 100vw, 770px\" \/>\n\t\t\t\t\t<a class=\"overlay\" href=\"https:\/\/d1c.ca\/en\/portfolio\/romaine-tio\/\">\n\t\t\t\t\t\t<p class=\"overlay_title\">Romaine-Tio<\/p>\n\t\t\t\t\t\t<p class=\"portfolio_item_tags\">\n\t\t\t\t\t\t\tCivil engineering &amp; roads\n\t\t\t\t\t\t<\/p>\n\t\t\t\t\t\t<span class=\"dnd-button dnd-button_normal dnd-button_medium\">More <i class=\"icon-arrowright\"><\/i><\/span>\n\t\t\t\t\t<\/a>\n\t\t\t\t<\/div>\n\t\t\t<\/div><div class=\"portfolio_item portfolio_item_4 civil-engineering-roads\">\n\t\t\t\t<div class=\"overlayed\">\n\t\t\t\t\t<img width=\"770\" height=\"619\" src=\"https:\/\/d1c.ca\/wp-content\/uploads\/Romaine1.jpg\" class=\"attachment-post-thumbnail size-post-thumbnail wp-post-image\" alt=\"\" loading=\"lazy\" srcset=\"https:\/\/d1c.ca\/wp-content\/uploads\/Romaine1.jpg 770w, https:\/\/d1c.ca\/wp-content\/uploads\/Romaine1-300x241.jpg 300w\" sizes=\"(max-width: 770px) 100vw, 770px\" \/>\n\t\t\t\t\t<a class=\"overlay\" href=\"https:\/\/d1c.ca\/en\/portfolio\/romaine-tio-winter\/\">\n\t\t\t\t\t\t<p class=\"overlay_title\">Romaine-Tio &#8211; Winter<\/p>\n\t\t\t\t\t\t<p class=\"portfolio_item_tags\">\n\t\t\t\t\t\t\tCivil engineering &amp; roads\n\t\t\t\t\t\t<\/p>\n\t\t\t\t\t\t<span class=\"dnd-button dnd-button_normal dnd-button_medium\">More <i class=\"icon-arrowright\"><\/i><\/span>\n\t\t\t\t\t<\/a>\n\t\t\t\t<\/div>\n\t\t\t<\/div><div class=\"portfolio_item portfolio_item_4 civil-engineering-roads quarry residential-commercial-industrial\">\n\t\t\t\t<div class=\"overlayed\">\n\t\t\t\t\t<img width=\"770\" height=\"619\" src=\"https:\/\/d1c.ca\/wp-content\/uploads\/d1c-equipment.jpg\" class=\"attachment-post-thumbnail size-post-thumbnail wp-post-image\" alt=\"\" loading=\"lazy\" srcset=\"https:\/\/d1c.ca\/wp-content\/uploads\/d1c-equipment.jpg 770w, https:\/\/d1c.ca\/wp-content\/uploads\/d1c-equipment-300x241.jpg 300w\" sizes=\"(max-width: 770px) 100vw, 770px\" \/>\n\t\t\t\t\t<a class=\"overlay\" href=\"https:\/\/d1c.ca\/en\/portfolio\/d1c-equipment\/\">\n\t\t\t\t\t\t<p class=\"overlay_title\">D1C Equipment<\/p>\n\t\t\t\t\t\t<p class=\"portfolio_item_tags\">\n\t\t\t\t\t\t\tCivil engineering &amp; roads, Quarry, Residential, commercial &amp; industrial\n\t\t\t\t\t\t<\/p>\n\t\t\t\t\t\t<span class=\"dnd-button dnd-button_normal dnd-button_medium\">More <i class=\"icon-arrowright\"><\/i><\/span>\n\t\t\t\t\t<\/a>\n\t\t\t\t<\/div>\n\t\t\t<\/div><div class=\"portfolio_item portfolio_item_4 residential-commercial-industrial\">\n\t\t\t\t<div class=\"overlayed\">\n\t\t\t\t\t<img width=\"770\" height=\"619\" src=\"https:\/\/d1c.ca\/wp-content\/uploads\/tandem.jpg\" class=\"attachment-post-thumbnail size-post-thumbnail wp-post-image\" alt=\"\" loading=\"lazy\" srcset=\"https:\/\/d1c.ca\/wp-content\/uploads\/tandem.jpg 770w, https:\/\/d1c.ca\/wp-content\/uploads\/tandem-300x241.jpg 300w\" sizes=\"(max-width: 770px) 100vw, 770px\" \/>\n\t\t\t\t\t<a class=\"overlay\" href=\"https:\/\/d1c.ca\/en\/portfolio\/tandem-condo-2\/\">\n\t\t\t\t\t\t<p class=\"overlay_title\">Tandem Condo<\/p>\n\t\t\t\t\t\t<p class=\"portfolio_item_tags\">\n\t\t\t\t\t\t\tResidential, commercial &amp; industrial\n\t\t\t\t\t\t<\/p>\n\t\t\t\t\t\t<span class=\"dnd-button dnd-button_normal dnd-button_medium\">More <i class=\"icon-arrowright\"><\/i><\/span>\n\t\t\t\t\t<\/a>\n\t\t\t\t<\/div>\n\t\t\t<\/div><div class=\"portfolio_item portfolio_item_4 civil-engineering-roads\">\n\t\t\t\t<div class=\"overlayed\">\n\t\t\t\t\t<img width=\"770\" height=\"619\" src=\"https:\/\/d1c.ca\/wp-content\/uploads\/voirie1.jpg\" class=\"attachment-post-thumbnail size-post-thumbnail wp-post-image\" alt=\"\" loading=\"lazy\" srcset=\"https:\/\/d1c.ca\/wp-content\/uploads\/voirie1.jpg 770w, https:\/\/d1c.ca\/wp-content\/uploads\/voirie1-300x241.jpg 300w\" sizes=\"(max-width: 770px) 100vw, 770px\" \/>\n\t\t\t\t\t<a class=\"overlay\" href=\"https:\/\/d1c.ca\/en\/portfolio\/road-work\/\">\n\t\t\t\t\t\t<p class=\"overlay_title\">Road work<\/p>\n\t\t\t\t\t\t<p class=\"portfolio_item_tags\">\n\t\t\t\t\t\t\tCivil engineering &amp; roads\n\t\t\t\t\t\t<\/p>\n\t\t\t\t\t\t<span class=\"dnd-button dnd-button_normal dnd-button_medium\">More <i class=\"icon-arrowright\"><\/i><\/span>\n\t\t\t\t\t<\/a>\n\t\t\t\t<\/div>\n\t\t\t<\/div><div class=\"portfolio_item portfolio_item_4 quarry\">\n\t\t\t\t<div class=\"overlayed\">\n\t\t\t\t\t<img width=\"770\" height=\"619\" src=\"https:\/\/d1c.ca\/wp-content\/uploads\/Carriere1.jpg\" class=\"attachment-post-thumbnail size-post-thumbnail wp-post-image\" alt=\"\" loading=\"lazy\" srcset=\"https:\/\/d1c.ca\/wp-content\/uploads\/Carriere1.jpg 770w, https:\/\/d1c.ca\/wp-content\/uploads\/Carriere1-300x241.jpg 300w\" sizes=\"(max-width: 770px) 100vw, 770px\" \/>\n\t\t\t\t\t<a class=\"overlay\" href=\"https:\/\/d1c.ca\/en\/portfolio\/quarry-work-2\/\">\n\t\t\t\t\t\t<p class=\"overlay_title\">Quarry work #2<\/p>\n\t\t\t\t\t\t<p class=\"portfolio_item_tags\">\n\t\t\t\t\t\t\tQuarry\n\t\t\t\t\t\t<\/p>\n\t\t\t\t\t\t<span class=\"dnd-button dnd-button_normal dnd-button_medium\">More <i class=\"icon-arrowright\"><\/i><\/span>\n\t\t\t\t\t<\/a>\n\t\t\t\t<\/div>\n\t\t\t<\/div><div class=\"portfolio_item portfolio_item_4 quarry\">\n\t\t\t\t<div class=\"overlayed\">\n\t\t\t\t\t<img width=\"770\" height=\"619\" src=\"https:\/\/d1c.ca\/wp-content\/uploads\/Carriere2.jpg\" class=\"attachment-post-thumbnail size-post-thumbnail wp-post-image\" alt=\"\" loading=\"lazy\" srcset=\"https:\/\/d1c.ca\/wp-content\/uploads\/Carriere2.jpg 770w, https:\/\/d1c.ca\/wp-content\/uploads\/Carriere2-300x241.jpg 300w\" sizes=\"(max-width: 770px) 100vw, 770px\" \/>\n\t\t\t\t\t<a class=\"overlay\" href=\"https:\/\/d1c.ca\/en\/portfolio\/quarry-work\/\">\n\t\t\t\t\t\t<p class=\"overlay_title\">Quarry work<\/p>\n\t\t\t\t\t\t<p class=\"portfolio_item_tags\">\n\t\t\t\t\t\t\tQuarry\n\t\t\t\t\t\t<\/p>\n\t\t\t\t\t\t<span class=\"dnd-button dnd-button_normal dnd-button_medium\">More <i class=\"icon-arrowright\"><\/i><\/span>\n\t\t\t\t\t<\/a>\n\t\t\t\t<\/div>\n\t\t\t<\/div><div class=\"portfolio_item portfolio_item_4 residential-commercial-industrial\">\n\t\t\t\t<div class=\"overlayed\">\n\t\t\t\t\t<img width=\"770\" height=\"619\" src=\"https:\/\/d1c.ca\/wp-content\/uploads\/portfolio7.jpg\" class=\"attachment-post-thumbnail size-post-thumbnail wp-post-image\" alt=\"\" loading=\"lazy\" srcset=\"https:\/\/d1c.ca\/wp-content\/uploads\/portfolio7.jpg 770w, https:\/\/d1c.ca\/wp-content\/uploads\/portfolio7-300x241.jpg 300w\" sizes=\"(max-width: 770px) 100vw, 770px\" \/>\n\t\t\t\t\t<a class=\"overlay\" href=\"https:\/\/d1c.ca\/en\/portfolio\/ski-resort-work\/\">\n\t\t\t\t\t\t<p class=\"overlay_title\">Ski resort work<\/p>\n\t\t\t\t\t\t<p class=\"portfolio_item_tags\">\n\t\t\t\t\t\t\tResidential, commercial &amp; industrial\n\t\t\t\t\t\t<\/p>\n\t\t\t\t\t\t<span class=\"dnd-button dnd-button_normal dnd-button_medium\">More <i class=\"icon-arrowright\"><\/i><\/span>\n\t\t\t\t\t<\/a>\n\t\t\t\t<\/div>\n\t\t\t<\/div><div class=\"portfolio_item portfolio_item_4 residential-commercial-industrial\">\n\t\t\t\t<div class=\"overlayed\">\n\t\t\t\t\t<img width=\"770\" height=\"619\" src=\"https:\/\/d1c.ca\/wp-content\/uploads\/2014\/11\/portfolio1.jpg\" class=\"attachment-post-thumbnail size-post-thumbnail wp-post-image\" alt=\"\" loading=\"lazy\" srcset=\"https:\/\/d1c.ca\/wp-content\/uploads\/2014\/11\/portfolio1.jpg 770w, https:\/\/d1c.ca\/wp-content\/uploads\/2014\/11\/portfolio1-300x241.jpg 300w\" sizes=\"(max-width: 770px) 100vw, 770px\" \/>\n\t\t\t\t\t<a class=\"overlay\" href=\"https:\/\/d1c.ca\/en\/portfolio\/commercial-work\/\">\n\t\t\t\t\t\t<p class=\"overlay_title\">Commercial work<\/p>\n\t\t\t\t\t\t<p class=\"portfolio_item_tags\">\n\t\t\t\t\t\t\tResidential, commercial &amp; industrial\n\t\t\t\t\t\t<\/p>\n\t\t\t\t\t\t<span class=\"dnd-button dnd-button_normal dnd-button_medium\">More <i class=\"icon-arrowright\"><\/i><\/span>\n\t\t\t\t\t<\/a>\n\t\t\t\t<\/div>\n\t\t\t<\/div><div class=\"portfolio_item portfolio_item_4 residential-commercial-industrial\">\n\t\t\t\t<div class=\"overlayed\">\n\t\t\t\t\t<img width=\"770\" height=\"619\" src=\"https:\/\/d1c.ca\/wp-content\/uploads\/2014\/11\/portfolio5.jpg\" class=\"attachment-post-thumbnail size-post-thumbnail wp-post-image\" alt=\"\" loading=\"lazy\" srcset=\"https:\/\/d1c.ca\/wp-content\/uploads\/2014\/11\/portfolio5.jpg 770w, https:\/\/d1c.ca\/wp-content\/uploads\/2014\/11\/portfolio5-300x241.jpg 300w\" sizes=\"(max-width: 770px) 100vw, 770px\" \/>\n\t\t\t\t\t<a class=\"overlay\" href=\"https:\/\/d1c.ca\/en\/portfolio\/stoneham-en\/\">\n\t\t\t\t\t\t<p class=\"overlay_title\">Stoneham<\/p>\n\t\t\t\t\t\t<p class=\"portfolio_item_tags\">\n\t\t\t\t\t\t\tResidential, commercial &amp; industrial\n\t\t\t\t\t\t<\/p>\n\t\t\t\t\t\t<span class=\"dnd-button dnd-button_normal dnd-button_medium\">More <i class=\"icon-arrowright\"><\/i><\/span>\n\t\t\t\t\t<\/a>\n\t\t\t\t<\/div>\n\t\t\t<\/div><div class=\"portfolio_item portfolio_item_4 quarry\">\n\t\t\t\t<div class=\"overlayed\">\n\t\t\t\t\t<img width=\"770\" height=\"619\" src=\"https:\/\/d1c.ca\/wp-content\/uploads\/2014\/11\/portfolio2.jpg\" class=\"attachment-post-thumbnail size-post-thumbnail wp-post-image\" alt=\"\" loading=\"lazy\" srcset=\"https:\/\/d1c.ca\/wp-content\/uploads\/2014\/11\/portfolio2.jpg 770w, https:\/\/d1c.ca\/wp-content\/uploads\/2014\/11\/portfolio2-300x241.jpg 300w\" sizes=\"(max-width: 770px) 100vw, 770px\" \/>\n\t\t\t\t\t<a class=\"overlay\" href=\"https:\/\/d1c.ca\/en\/portfolio\/highway-167-north\/\">\n\t\t\t\t\t\t<p class=\"overlay_title\">Highway 167 North<\/p>\n\t\t\t\t\t\t<p class=\"portfolio_item_tags\">\n\t\t\t\t\t\t\tQuarry\n\t\t\t\t\t\t<\/p>\n\t\t\t\t\t\t<span class=\"dnd-button dnd-button_normal dnd-button_medium\">More <i class=\"icon-arrowright\"><\/i><\/span>\n\t\t\t\t\t<\/a>\n\t\t\t\t<\/div>\n\t\t\t<\/div><div class=\"portfolio_item portfolio_item_4 residential-commercial-industrial\">\n\t\t\t\t<div class=\"overlayed\">\n\t\t\t\t\t<img width=\"770\" height=\"619\" src=\"https:\/\/d1c.ca\/wp-content\/uploads\/2014\/11\/portfolio3.jpg\" class=\"attachment-post-thumbnail size-post-thumbnail wp-post-image\" alt=\"\" loading=\"lazy\" srcset=\"https:\/\/d1c.ca\/wp-content\/uploads\/2014\/11\/portfolio3.jpg 770w, https:\/\/d1c.ca\/wp-content\/uploads\/2014\/11\/portfolio3-300x241.jpg 300w\" sizes=\"(max-width: 770px) 100vw, 770px\" \/>\n\t\t\t\t\t<a class=\"overlay\" href=\"https:\/\/d1c.ca\/en\/portfolio\/residential-work\/\">\n\t\t\t\t\t\t<p class=\"overlay_title\">Residential work<\/p>\n\t\t\t\t\t\t<p class=\"portfolio_item_tags\">\n\t\t\t\t\t\t\tResidential, commercial &amp; industrial\n\t\t\t\t\t\t<\/p>\n\t\t\t\t\t\t<span class=\"dnd-button dnd-button_normal dnd-button_medium\">More <i class=\"icon-arrowright\"><\/i><\/span>\n\t\t\t\t\t<\/a>\n\t\t\t\t<\/div>\n\t\t\t<\/div><div class=\"portfolio_item portfolio_item_4 residential-commercial-industrial\">\n\t\t\t\t<div class=\"overlayed\">\n\t\t\t\t\t<img width=\"770\" height=\"619\" src=\"https:\/\/d1c.ca\/wp-content\/uploads\/2014\/11\/portfolio4.jpg\" class=\"attachment-post-thumbnail size-post-thumbnail wp-post-image\" alt=\"\" loading=\"lazy\" srcset=\"https:\/\/d1c.ca\/wp-content\/uploads\/2014\/11\/portfolio4.jpg 770w, https:\/\/d1c.ca\/wp-content\/uploads\/2014\/11\/portfolio4-300x241.jpg 300w\" sizes=\"(max-width: 770px) 100vw, 770px\" \/>\n\t\t\t\t\t<a class=\"overlay\" href=\"https:\/\/d1c.ca\/en\/portfolio\/lac-beauport-en\/\">\n\t\t\t\t\t\t<p class=\"overlay_title\">Lac-Beauport<\/p>\n\t\t\t\t\t\t<p class=\"portfolio_item_tags\">\n\t\t\t\t\t\t\tResidential, commercial &amp; industrial\n\t\t\t\t\t\t<\/p>\n\t\t\t\t\t\t<span class=\"dnd-button dnd-button_normal dnd-button_medium\">More <i class=\"icon-arrowright\"><\/i><\/span>\n\t\t\t\t\t<\/a>\n\t\t\t\t<\/div>\n\t\t\t<\/div>\n\t\t<\/div>\n<\/div>\n<\/div><\/div>\n\t\t\n\t\t\n\t<\/section>\n<section class=\"dnd_section_dd no_padding\" style=\"background-color:#eeeeee;\">\n\t\t\n\t\t<div class=\"dnd_section_content\"><div class=\"dnd_container\">\n<div class=\"dnd_column_dd_span12 \">\n<div class=\"dnd-callout_box \"><div class=\"dnd_container\"><div class=\"dnd_column_dd_span8\"><span class=\"dnd-callout_box_title\">You want to achieve your brand <strong>new project?<\/strong><\/span>\r\n\t\t<p><\/p><\/div>\r\n\t\t\t\t<div class=\"dnd_column_dd_span4\">\r\n\t\t\t\t\t<a href=\"http:\/\/d1c.ca\/en\/online-quote\/\" target=\"_self\" class=\"dnd-button dnd-button_light dnd-button_normal dnd-button_medium\">Online quote available<\/a>\r\n\t\t\t\t<\/div>\r\n\t\t\t<\/div><\/div>\n<\/div>\n<\/div><\/div>\n\t\t\n\t\t\n\t<\/section>\n","protected":false},"excerpt":{"rendered":"","protected":false},"author":1,"featured_media":0,"parent":0,"menu_order":0,"comment_status":"closed","ping_status":"closed","template":"page-no-container.php","meta":[],"yoast_head":"<!-- This site is optimized with the Yoast SEO plugin v19.3 - https:\/\/yoast.com\/wordpress\/plugins\/seo\/ -->\n<title>Achievements :: Dynamitage 1\u00e8re Classe<\/title>\n<meta name=\"description\" content=\"Check out our latest achievements in blasting and drilling. The work carried out all over the province by our professional team.\" \/>\n<meta name=\"robots\" content=\"index, follow, max-snippet:-1, max-image-preview:large, max-video-preview:-1\" \/>\n<link rel=\"canonical\" href=\"https:\/\/d1c.ca\/en\/achievements\/\" \/>\n<meta property=\"og:locale\" content=\"en_US\" \/>\n<meta property=\"og:type\" content=\"article\" \/>\n<meta property=\"og:title\" content=\"Achievements :: Dynamitage 1\u00e8re Classe\" \/>\n<meta property=\"og:description\" content=\"Check out our latest achievements in blasting and drilling. The work carried out all over the province by our professional team.\" \/>\n<meta property=\"og:url\" content=\"https:\/\/d1c.ca\/en\/achievements\/\" \/>\n<meta property=\"og:site_name\" content=\"Dynamitage 1\u00e8re Classe\" \/>\n<meta property=\"article:publisher\" content=\"https:\/\/www.facebook.com\/dynamitage1ereclasse\" \/>\n<meta property=\"article:modified_time\" content=\"2021-03-19T19:17:48+00:00\" \/>\n<meta name=\"twitter:card\" content=\"summary\" \/>\n<meta name=\"twitter:label1\" content=\"Est. reading time\" \/>\n\t<meta name=\"twitter:data1\" content=\"1 minute\" \/>\n<script type=\"application\/ld+json\" class=\"yoast-schema-graph\">{\"@context\":\"https:\/\/schema.org\",\"@graph\":[{\"@type\":\"Organization\",\"@id\":\"https:\/\/d1c.ca\/#organization\",\"name\":\"Dynamitage 1\u00e8re Classe\",\"url\":\"https:\/\/d1c.ca\/\",\"sameAs\":[\"https:\/\/www.facebook.com\/dynamitage1ereclasse\"],\"logo\":{\"@type\":\"ImageObject\",\"inLanguage\":\"en-US\",\"@id\":\"https:\/\/d1c.ca\/#\/schema\/logo\/image\/\",\"url\":\"https:\/\/d1c.ca\/wp-content\/uploads\/Logo-125-noir.png\",\"contentUrl\":\"https:\/\/d1c.ca\/wp-content\/uploads\/Logo-125-noir.png\",\"width\":125,\"height\":78,\"caption\":\"Dynamitage 1\u00e8re Classe\"},\"image\":{\"@id\":\"https:\/\/d1c.ca\/#\/schema\/logo\/image\/\"}},{\"@type\":\"WebSite\",\"@id\":\"https:\/\/d1c.ca\/#website\",\"url\":\"https:\/\/d1c.ca\/\",\"name\":\"Dynamitage 1\u00e8re Classe\",\"description\":\"Expert en dynamitage r\u00e9sidentiel et commercial au Qu\u00e9bec\",\"publisher\":{\"@id\":\"https:\/\/d1c.ca\/#organization\"},\"potentialAction\":[{\"@type\":\"SearchAction\",\"target\":{\"@type\":\"EntryPoint\",\"urlTemplate\":\"https:\/\/d1c.ca\/?s={search_term_string}\"},\"query-input\":\"required name=search_term_string\"}],\"inLanguage\":\"en-US\"},{\"@type\":\"WebPage\",\"@id\":\"https:\/\/d1c.ca\/en\/achievements\/\",\"url\":\"https:\/\/d1c.ca\/en\/achievements\/\",\"name\":\"Achievements :: Dynamitage 1\u00e8re Classe\",\"isPartOf\":{\"@id\":\"https:\/\/d1c.ca\/#website\"},\"datePublished\":\"2014-12-02T03:51:25+00:00\",\"dateModified\":\"2021-03-19T19:17:48+00:00\",\"description\":\"Check out our latest achievements in blasting and drilling. The work carried out all over the province by our professional team.\",\"breadcrumb\":{\"@id\":\"https:\/\/d1c.ca\/en\/achievements\/#breadcrumb\"},\"inLanguage\":\"en-US\",\"potentialAction\":[{\"@type\":\"ReadAction\",\"target\":[\"https:\/\/d1c.ca\/en\/achievements\/\"]}]},{\"@type\":\"BreadcrumbList\",\"@id\":\"https:\/\/d1c.ca\/en\/achievements\/#breadcrumb\",\"itemListElement\":[{\"@type\":\"ListItem\",\"position\":1,\"name\":\"Accueil\",\"item\":\"https:\/\/d1c.ca\/en\/\"},{\"@type\":\"ListItem\",\"position\":2,\"name\":\"Achievements\"}]}]}<\/script>\n<!-- \/ Yoast SEO plugin. -->","yoast_head_json":{"title":"Achievements :: Dynamitage 1\u00e8re Classe","description":"Check out our latest achievements in blasting and drilling. The work carried out all over the province by our professional team.","robots":{"index":"index","follow":"follow","max-snippet":"max-snippet:-1","max-image-preview":"max-image-preview:large","max-video-preview":"max-video-preview:-1"},"canonical":"https:\/\/d1c.ca\/en\/achievements\/","og_locale":"en_US","og_type":"article","og_title":"Achievements :: Dynamitage 1\u00e8re Classe","og_description":"Check out our latest achievements in blasting and drilling. The work carried out all over the province by our professional team.","og_url":"https:\/\/d1c.ca\/en\/achievements\/","og_site_name":"Dynamitage 1\u00e8re Classe","article_publisher":"https:\/\/www.facebook.com\/dynamitage1ereclasse","article_modified_time":"2021-03-19T19:17:48+00:00","twitter_card":"summary","twitter_misc":{"Est. reading time":"1 minute"},"schema":{"@context":"https:\/\/schema.org","@graph":[{"@type":"Organization","@id":"https:\/\/d1c.ca\/#organization","name":"Dynamitage 1\u00e8re Classe","url":"https:\/\/d1c.ca\/","sameAs":["https:\/\/www.facebook.com\/dynamitage1ereclasse"],"logo":{"@type":"ImageObject","inLanguage":"en-US","@id":"https:\/\/d1c.ca\/#\/schema\/logo\/image\/","url":"https:\/\/d1c.ca\/wp-content\/uploads\/Logo-125-noir.png","contentUrl":"https:\/\/d1c.ca\/wp-content\/uploads\/Logo-125-noir.png","width":125,"height":78,"caption":"Dynamitage 1\u00e8re Classe"},"image":{"@id":"https:\/\/d1c.ca\/#\/schema\/logo\/image\/"}},{"@type":"WebSite","@id":"https:\/\/d1c.ca\/#website","url":"https:\/\/d1c.ca\/","name":"Dynamitage 1\u00e8re Classe","description":"Expert en dynamitage r\u00e9sidentiel et commercial au Qu\u00e9bec","publisher":{"@id":"https:\/\/d1c.ca\/#organization"},"potentialAction":[{"@type":"SearchAction","target":{"@type":"EntryPoint","urlTemplate":"https:\/\/d1c.ca\/?s={search_term_string}"},"query-input":"required name=search_term_string"}],"inLanguage":"en-US"},{"@type":"WebPage","@id":"https:\/\/d1c.ca\/en\/achievements\/","url":"https:\/\/d1c.ca\/en\/achievements\/","name":"Achievements :: Dynamitage 1\u00e8re Classe","isPartOf":{"@id":"https:\/\/d1c.ca\/#website"},"datePublished":"2014-12-02T03:51:25+00:00","dateModified":"2021-03-19T19:17:48+00:00","description":"Check out our latest achievements in blasting and drilling. The work carried out all over the province by our professional team.","breadcrumb":{"@id":"https:\/\/d1c.ca\/en\/achievements\/#breadcrumb"},"inLanguage":"en-US","potentialAction":[{"@type":"ReadAction","target":["https:\/\/d1c.ca\/en\/achievements\/"]}]},{"@type":"BreadcrumbList","@id":"https:\/\/d1c.ca\/en\/achievements\/#breadcrumb","itemListElement":[{"@type":"ListItem","position":1,"name":"Accueil","item":"https:\/\/d1c.ca\/en\/"},{"@type":"ListItem","position":2,"name":"Achievements"}]}]}},"_links":{"self":[{"href":"https:\/\/d1c.ca\/en\/wp-json\/wp\/v2\/pages\/219"}],"collection":[{"href":"https:\/\/d1c.ca\/en\/wp-json\/wp\/v2\/pages"}],"about":[{"href":"https:\/\/d1c.ca\/en\/wp-json\/wp\/v2\/types\/page"}],"author":[{"embeddable":true,"href":"https:\/\/d1c.ca\/en\/wp-json\/wp\/v2\/users\/1"}],"replies":[{"embeddable":true,"href":"https:\/\/d1c.ca\/en\/wp-json\/wp\/v2\/comments?post=219"}],"version-history":[{"count":3,"href":"https:\/\/d1c.ca\/en\/wp-json\/wp\/v2\/pages\/219\/revisions"}],"predecessor-version":[{"id":244,"href":"https:\/\/d1c.ca\/en\/wp-json\/wp\/v2\/pages\/219\/revisions\/244"}],"wp:attachment":[{"href":"https:\/\/d1c.ca\/en\/wp-json\/wp\/v2\/media?parent=219"}],"curies":[{"name":"wp","href":"https:\/\/api.w.org\/{rel}","templated":true}]}}