{"id":210,"date":"2014-12-02T03:37:59","date_gmt":"2014-12-02T03:37:59","guid":{"rendered":"http:\/\/d1c.ca\/?page_id=210"},"modified":"2021-03-19T19:24:24","modified_gmt":"2021-03-19T19:24:24","slug":"our-team","status":"publish","type":"page","link":"https:\/\/d1c.ca\/en\/our-team\/","title":{"rendered":"Our team"},"content":{"rendered":"<section class=\"dnd_section_dd \" style=\"background-color:#f5f5f5;\">\n\t\t\n\t\t<div class=\"dnd_section_content\"><div class=\"dnd_container\">\n<div class=\"dnd_column_dd_span12 \">\n<h3><span>About our company<\/span><\/h3>\n<div class=\"margin_equipe_text\">Founded in Quebec in 2013 by Jean-Fran\u00e7ois Gaudreau and Pierre Simard, two passionate accumulating nearly 15 years experience in the field. D1C mission is simple: provide high quality and professional blasting and drilling at the best price. Relying on a dynamic and rich expertise, the company ensures to have better control over its operations, in order to fully optimize the work\u2019s quality done for every single client. D1C is able to achieve any kind of blasting and drilling across Quebec. The company pays special attention to respect for the environment, job well done on time and to the safety of building sites and individuals workers.<\/div>\n<\/div>\n<\/div><\/div>\n\t\t\n\t\t\n\t<\/section>\n<section class=\"dnd_section_dd equipe_title\" style=\"background-color:#ffffff;\">\n\t\t\n\t\t<div class=\"dnd_section_content\"><div class=\"dnd_container\">\n<div class=\"dnd_column_dd_span12 \">\n<h3><span>Our team<\/span><\/h3>\n<span class=\"clear\" style=\"height:20px;display:block;\"><\/span>\n\n<p class=\"titre_equipe\">Pierre Simard<\/p>\n<p class=\"description_equipe\">DIRECTOR OF OPERATIONS &#8211; QUARRY &#038; CONSTRUCTION<\/p>\n<p><\/p>\n<p class=\"text_equipe\">With many years of experience in the field of explosives, Pierre has a wealth of knowledge and skills for all types of work related thereto. Extremely versatile, he also acquired skills in management and estimation of project drilling and blasting. Pierre always gives his best and he thinks the quality of work and customer satisfaction is a priority.<\/p>\n<p><img loading=\"lazy\" src=\"http:\/\/d1c.ca\/wp-content\/uploads\/signature-pierre-150x67.jpg\" alt=\"signature-pierre\" width=\"150\" height=\"67\" class=\"alignnone size-thumbnail wp-image-287\" \/><\/p>\n\n<\/div>\n<\/div><\/div>\n\t\t\n\t\t\n\t<\/section>\n<section class=\"dnd_section_dd no_padding\" style=\"background-color:#eeeeee;\">\n\t\t\n\t\t<div class=\"dnd_section_content\"><div class=\"dnd_container\">\n<div class=\"dnd_column_dd_span12 \">\n<div class=\"dnd-callout_box \"><div class=\"dnd_container\"><div class=\"dnd_column_dd_span8\"><span class=\"dnd-callout_box_title\">You want to achieve your brand <strong>new project?<\/strong><\/span>\r\n\t\t<p><\/p><\/div>\r\n\t\t\t\t<div class=\"dnd_column_dd_span4\">\r\n\t\t\t\t\t<a href=\"http:\/\/d1c.ca\/en\/online-quote\/\" target=\"_blank\" class=\"dnd-button dnd-button_light dnd-button_normal dnd-button_medium\">Online quote available<\/a>\r\n\t\t\t\t<\/div>\r\n\t\t\t<\/div><\/div>\n<\/div>\n<\/div><\/div>\n\t\t\n\t\t\n\t<\/section>\n","protected":false},"excerpt":{"rendered":"","protected":false},"author":1,"featured_media":0,"parent":0,"menu_order":0,"comment_status":"closed","ping_status":"closed","template":"page-no-container.php","meta":[],"yoast_head":"<!-- This site is optimized with the Yoast SEO plugin v19.3 - https:\/\/yoast.com\/wordpress\/plugins\/seo\/ -->\n<title>Our team :: Dynamitage 1\u00e8re Classe<\/title>\n<meta name=\"description\" content=\"D1C mission is simple: provide high quality and professional blasting and drilling at the best price.\" \/>\n<meta name=\"robots\" content=\"index, follow, max-snippet:-1, max-image-preview:large, max-video-preview:-1\" \/>\n<link rel=\"canonical\" href=\"https:\/\/d1c.ca\/en\/our-team\/\" \/>\n<meta property=\"og:locale\" content=\"en_US\" \/>\n<meta property=\"og:type\" content=\"article\" \/>\n<meta property=\"og:title\" content=\"Our team :: Dynamitage 1\u00e8re Classe\" \/>\n<meta property=\"og:description\" content=\"D1C mission is simple: provide high quality and professional blasting and drilling at the best price.\" \/>\n<meta property=\"og:url\" content=\"https:\/\/d1c.ca\/en\/our-team\/\" \/>\n<meta property=\"og:site_name\" content=\"Dynamitage 1\u00e8re Classe\" \/>\n<meta property=\"article:publisher\" content=\"https:\/\/www.facebook.com\/dynamitage1ereclasse\" \/>\n<meta property=\"article:modified_time\" content=\"2021-03-19T19:24:24+00:00\" \/>\n<meta property=\"og:image\" content=\"http:\/\/d1c.ca\/wp-content\/uploads\/signature-pierre-150x67.jpg\" \/>\n<meta name=\"twitter:card\" content=\"summary\" \/>\n<meta name=\"twitter:label1\" content=\"Est. reading time\" \/>\n\t<meta name=\"twitter:data1\" content=\"2 minutes\" \/>\n<script type=\"application\/ld+json\" class=\"yoast-schema-graph\">{\"@context\":\"https:\/\/schema.org\",\"@graph\":[{\"@type\":\"Organization\",\"@id\":\"https:\/\/d1c.ca\/#organization\",\"name\":\"Dynamitage 1\u00e8re Classe\",\"url\":\"https:\/\/d1c.ca\/\",\"sameAs\":[\"https:\/\/www.facebook.com\/dynamitage1ereclasse\"],\"logo\":{\"@type\":\"ImageObject\",\"inLanguage\":\"en-US\",\"@id\":\"https:\/\/d1c.ca\/#\/schema\/logo\/image\/\",\"url\":\"https:\/\/d1c.ca\/wp-content\/uploads\/Logo-125-noir.png\",\"contentUrl\":\"https:\/\/d1c.ca\/wp-content\/uploads\/Logo-125-noir.png\",\"width\":125,\"height\":78,\"caption\":\"Dynamitage 1\u00e8re Classe\"},\"image\":{\"@id\":\"https:\/\/d1c.ca\/#\/schema\/logo\/image\/\"}},{\"@type\":\"WebSite\",\"@id\":\"https:\/\/d1c.ca\/#website\",\"url\":\"https:\/\/d1c.ca\/\",\"name\":\"Dynamitage 1\u00e8re Classe\",\"description\":\"Expert en dynamitage r\u00e9sidentiel et commercial au Qu\u00e9bec\",\"publisher\":{\"@id\":\"https:\/\/d1c.ca\/#organization\"},\"potentialAction\":[{\"@type\":\"SearchAction\",\"target\":{\"@type\":\"EntryPoint\",\"urlTemplate\":\"https:\/\/d1c.ca\/?s={search_term_string}\"},\"query-input\":\"required name=search_term_string\"}],\"inLanguage\":\"en-US\"},{\"@type\":\"ImageObject\",\"inLanguage\":\"en-US\",\"@id\":\"https:\/\/d1c.ca\/en\/our-team\/#primaryimage\",\"url\":\"http:\/\/d1c.ca\/wp-content\/uploads\/signature-pierre-150x67.jpg\",\"contentUrl\":\"http:\/\/d1c.ca\/wp-content\/uploads\/signature-pierre-150x67.jpg\"},{\"@type\":\"WebPage\",\"@id\":\"https:\/\/d1c.ca\/en\/our-team\/\",\"url\":\"https:\/\/d1c.ca\/en\/our-team\/\",\"name\":\"Our team :: Dynamitage 1\u00e8re Classe\",\"isPartOf\":{\"@id\":\"https:\/\/d1c.ca\/#website\"},\"primaryImageOfPage\":{\"@id\":\"https:\/\/d1c.ca\/en\/our-team\/#primaryimage\"},\"datePublished\":\"2014-12-02T03:37:59+00:00\",\"dateModified\":\"2021-03-19T19:24:24+00:00\",\"description\":\"D1C mission is simple: provide high quality and professional blasting and drilling at the best price.\",\"breadcrumb\":{\"@id\":\"https:\/\/d1c.ca\/en\/our-team\/#breadcrumb\"},\"inLanguage\":\"en-US\",\"potentialAction\":[{\"@type\":\"ReadAction\",\"target\":[\"https:\/\/d1c.ca\/en\/our-team\/\"]}]},{\"@type\":\"BreadcrumbList\",\"@id\":\"https:\/\/d1c.ca\/en\/our-team\/#breadcrumb\",\"itemListElement\":[{\"@type\":\"ListItem\",\"position\":1,\"name\":\"Accueil\",\"item\":\"https:\/\/d1c.ca\/en\/\"},{\"@type\":\"ListItem\",\"position\":2,\"name\":\"Our team\"}]}]}<\/script>\n<!-- \/ Yoast SEO plugin. -->","yoast_head_json":{"title":"Our team :: Dynamitage 1\u00e8re Classe","description":"D1C mission is simple: provide high quality and professional blasting and drilling at the best price.","robots":{"index":"index","follow":"follow","max-snippet":"max-snippet:-1","max-image-preview":"max-image-preview:large","max-video-preview":"max-video-preview:-1"},"canonical":"https:\/\/d1c.ca\/en\/our-team\/","og_locale":"en_US","og_type":"article","og_title":"Our team :: Dynamitage 1\u00e8re Classe","og_description":"D1C mission is simple: provide high quality and professional blasting and drilling at the best price.","og_url":"https:\/\/d1c.ca\/en\/our-team\/","og_site_name":"Dynamitage 1\u00e8re Classe","article_publisher":"https:\/\/www.facebook.com\/dynamitage1ereclasse","article_modified_time":"2021-03-19T19:24:24+00:00","og_image":[{"url":"http:\/\/d1c.ca\/wp-content\/uploads\/signature-pierre-150x67.jpg"}],"twitter_card":"summary","twitter_misc":{"Est. reading time":"2 minutes"},"schema":{"@context":"https:\/\/schema.org","@graph":[{"@type":"Organization","@id":"https:\/\/d1c.ca\/#organization","name":"Dynamitage 1\u00e8re Classe","url":"https:\/\/d1c.ca\/","sameAs":["https:\/\/www.facebook.com\/dynamitage1ereclasse"],"logo":{"@type":"ImageObject","inLanguage":"en-US","@id":"https:\/\/d1c.ca\/#\/schema\/logo\/image\/","url":"https:\/\/d1c.ca\/wp-content\/uploads\/Logo-125-noir.png","contentUrl":"https:\/\/d1c.ca\/wp-content\/uploads\/Logo-125-noir.png","width":125,"height":78,"caption":"Dynamitage 1\u00e8re Classe"},"image":{"@id":"https:\/\/d1c.ca\/#\/schema\/logo\/image\/"}},{"@type":"WebSite","@id":"https:\/\/d1c.ca\/#website","url":"https:\/\/d1c.ca\/","name":"Dynamitage 1\u00e8re Classe","description":"Expert en dynamitage r\u00e9sidentiel et commercial au Qu\u00e9bec","publisher":{"@id":"https:\/\/d1c.ca\/#organization"},"potentialAction":[{"@type":"SearchAction","target":{"@type":"EntryPoint","urlTemplate":"https:\/\/d1c.ca\/?s={search_term_string}"},"query-input":"required name=search_term_string"}],"inLanguage":"en-US"},{"@type":"ImageObject","inLanguage":"en-US","@id":"https:\/\/d1c.ca\/en\/our-team\/#primaryimage","url":"http:\/\/d1c.ca\/wp-content\/uploads\/signature-pierre-150x67.jpg","contentUrl":"http:\/\/d1c.ca\/wp-content\/uploads\/signature-pierre-150x67.jpg"},{"@type":"WebPage","@id":"https:\/\/d1c.ca\/en\/our-team\/","url":"https:\/\/d1c.ca\/en\/our-team\/","name":"Our team :: Dynamitage 1\u00e8re Classe","isPartOf":{"@id":"https:\/\/d1c.ca\/#website"},"primaryImageOfPage":{"@id":"https:\/\/d1c.ca\/en\/our-team\/#primaryimage"},"datePublished":"2014-12-02T03:37:59+00:00","dateModified":"2021-03-19T19:24:24+00:00","description":"D1C mission is simple: provide high quality and professional blasting and drilling at the best price.","breadcrumb":{"@id":"https:\/\/d1c.ca\/en\/our-team\/#breadcrumb"},"inLanguage":"en-US","potentialAction":[{"@type":"ReadAction","target":["https:\/\/d1c.ca\/en\/our-team\/"]}]},{"@type":"BreadcrumbList","@id":"https:\/\/d1c.ca\/en\/our-team\/#breadcrumb","itemListElement":[{"@type":"ListItem","position":1,"name":"Accueil","item":"https:\/\/d1c.ca\/en\/"},{"@type":"ListItem","position":2,"name":"Our team"}]}]}},"_links":{"self":[{"href":"https:\/\/d1c.ca\/en\/wp-json\/wp\/v2\/pages\/210"}],"collection":[{"href":"https:\/\/d1c.ca\/en\/wp-json\/wp\/v2\/pages"}],"about":[{"href":"https:\/\/d1c.ca\/en\/wp-json\/wp\/v2\/types\/page"}],"author":[{"embeddable":true,"href":"https:\/\/d1c.ca\/en\/wp-json\/wp\/v2\/users\/1"}],"replies":[{"embeddable":true,"href":"https:\/\/d1c.ca\/en\/wp-json\/wp\/v2\/comments?post=210"}],"version-history":[{"count":7,"href":"https:\/\/d1c.ca\/en\/wp-json\/wp\/v2\/pages\/210\/revisions"}],"predecessor-version":[{"id":332,"href":"https:\/\/d1c.ca\/en\/wp-json\/wp\/v2\/pages\/210\/revisions\/332"}],"wp:attachment":[{"href":"https:\/\/d1c.ca\/en\/wp-json\/wp\/v2\/media?parent=210"}],"curies":[{"name":"wp","href":"https:\/\/api.w.org\/{rel}","templated":true}]}}