{"id":201,"date":"2014-12-02T03:23:19","date_gmt":"2014-12-02T03:23:19","guid":{"rendered":"http:\/\/d1c.ca\/?page_id=201"},"modified":"2023-11-14T19:11:10","modified_gmt":"2023-11-14T19:11:10","slug":"contact-us","status":"publish","type":"page","link":"https:\/\/d1c.ca\/en\/contact-us\/","title":{"rendered":"Contact us"},"content":{"rendered":"<section class=\"dnd_section_dd \" style=\"\">\n\t\t\n\t\t<div class=\"dnd_section_content\"><div class=\"dnd_container\">\n<div class=\"dnd_column_dd_span12 \">\n<h3><span>D1C: a team at your disposal throughout Quebec!<\/span><\/h3>\n<div class=\"margin_contact_text\">Have questions or comments? Do not hesitate to contact us now, we will be happy to assist you as soon as possible. Whether for a quote or to send us a message, Dynamitage 1\u00e8re Classe offers the possibility to use the submission form that fits your needs.<\/div>\n<div role=\"form\" class=\"wpcf7\" id=\"wpcf7-f183-o1\" lang=\"en-US\" dir=\"ltr\">\n<div class=\"screen-reader-response\"><p role=\"status\" aria-live=\"polite\" aria-atomic=\"true\"><\/p> <ul><\/ul><\/div>\n<form action=\"\/en\/wp-json\/wp\/v2\/pages\/201#wpcf7-f183-o1\" method=\"post\" class=\"wpcf7-form init\" novalidate=\"novalidate\" data-status=\"init\">\n<div style=\"display: none;\">\n<input type=\"hidden\" name=\"_wpcf7\" value=\"183\" \/>\n<input type=\"hidden\" name=\"_wpcf7_version\" value=\"5.6\" \/>\n<input type=\"hidden\" name=\"_wpcf7_locale\" value=\"en_US\" \/>\n<input type=\"hidden\" name=\"_wpcf7_unit_tag\" value=\"wpcf7-f183-o1\" \/>\n<input type=\"hidden\" name=\"_wpcf7_container_post\" value=\"0\" \/>\n<input type=\"hidden\" name=\"_wpcf7_posted_data_hash\" value=\"\" \/>\n<\/div>\n<table style=\"margin: 0; padding-top:50px;\">\n<tr>\n<td style=\"width: 48%; padding-right: 1%;\"><span class=\"wpcf7-form-control-wrap\" data-name=\"your-name\"><input type=\"text\" name=\"your-name\" value=\"\" size=\"40\" class=\"wpcf7-form-control wpcf7-text wpcf7-validates-as-required\" id=\"your-name\" aria-required=\"true\" aria-invalid=\"false\" placeholder=\"NAME:\" \/><\/span><\/td>\n<td style=\"width: 48%; padding-left: 1%;\"><span class=\"wpcf7-form-control-wrap\" data-name=\"your-email\"><input type=\"text\" name=\"your-email\" value=\"\" size=\"40\" class=\"wpcf7-form-control wpcf7-text wpcf7-validates-as-required\" id=\"your-email\" aria-required=\"true\" aria-invalid=\"false\" placeholder=\"EMAIL:\" \/><\/span><\/td>\n<\/tr>\n<tr>\n<td style=\"width: 48%; padding-right: 1%;\"><span class=\"wpcf7-form-control-wrap\" data-name=\"your-subject\"><input type=\"text\" name=\"your-subject\" value=\"\" size=\"40\" class=\"wpcf7-form-control wpcf7-text wpcf7-validates-as-required\" id=\"your-subject\" aria-required=\"true\" aria-invalid=\"false\" placeholder=\"SUBJECT:\" \/><\/span><\/td>\n<td style=\"width: 48%; padding-left: 1%;\"><span class=\"wpcf7-form-control-wrap\" data-name=\"your-cie\"><input type=\"text\" name=\"your-cie\" value=\"\" size=\"40\" class=\"wpcf7-form-control wpcf7-text wpcf7-validates-as-required\" id=\"your-subject\" aria-required=\"true\" aria-invalid=\"false\" placeholder=\"COMPANY:\" \/><\/span><\/td>\n<\/tr>\n<\/table>\n<p><span class=\"wpcf7-form-control-wrap\" data-name=\"your-message\"><textarea name=\"your-message\" cols=\"40\" rows=\"10\" class=\"wpcf7-form-control wpcf7-textarea wpcf7-validates-as-required\" id=\"your-message\" aria-required=\"true\" aria-invalid=\"false\" placeholder=\"MESSAGE HERE:\"><\/textarea><\/span><br \/>\n<center style=\"margin-bottom: -30px;\">\n<p style=\"margin-bottom:-10px;\"><input type=\"submit\" value=\"SEND NOW\" class=\"wpcf7-form-control has-spinner wpcf7-submit\" \/><\/p>\n<p><\/center><\/p>\n<p style=\"display: none !important;\"><label>&#916;<textarea name=\"_wpcf7_ak_hp_textarea\" cols=\"45\" rows=\"8\" maxlength=\"100\"><\/textarea><\/label><input type=\"hidden\" id=\"ak_js_1\" name=\"_wpcf7_ak_js\" value=\"225\"\/><script>document.getElementById( \"ak_js_1\" ).setAttribute( \"value\", ( new Date() ).getTime() );<\/script><\/p><div class=\"wpcf7-response-output\" aria-hidden=\"true\"><\/div><\/form><\/div>\n<\/div>\n<\/div><\/div>\n\t\t\n\t\t\n\t<\/section>\n<section class=\"dnd_section_dd no_padding sms\" style=\"background-color:#f5f5f5;\">\n\t\t\n\t\t<div class=\"dnd_section_content\"><div class=\"dnd_container\">\n<div class=\"dnd_column_dd_span12 \">\n<div class=\"dnd-callout_box \"><div class=\"dnd_container\"><div class=\"dnd_column_dd_span8\"><span class=\"dnd-callout_box_title\">You can reach us by <strong>SMS<\/strong><\/span>\r\n\t\t<p><\/p><\/div>\r\n\t\t\t\t<div class=\"dnd_column_dd_span4\">\r\n\t\t\t\t\t<a href=\"sms:14185710502\" target=\"_self\" class=\"dnd-button dnd-button_light dnd-button_normal dnd-button_medium\">Text us<\/a>\r\n\t\t\t\t<\/div>\r\n\t\t\t<\/div><\/div>\n<\/div>\n<\/div><\/div>\n\t\t\n\t\t\n\t<\/section>\n<p style=\"text-align: center;\"><section class=\"dnd_section_dd  dnd-parallax\" data-background_image=\"http:\/\/d1c.ca\/wp-content\/uploads\/parallax2.jpg\" data-parallax=\"0.5\" style=\"background-image:url(http:\/\/d1c.ca\/wp-content\/uploads\/parallax2.jpg);\">\n\t\t\n\t\t<div class=\"dnd_section_content\"><div class=\"dnd_container\">\n<div class=\"dnd_column_dd_span12 first-col-margin\">\n<h3 class=\"h3-contact\"><span>\n<p style=\"text-align: center;\">Contact information<\/p>\n<p style=\"text-align: center;\"><\/span><\/h3>\n<div class=\"p-contact\">\n<p style=\"text-align: center;\">2721 Boulevard Talbot<br \/>\nStoneham-et-Tewkesbury(Qu\u00e9bec) Canada<br \/>\nG3C 1J9<\/p>\n<p style=\"text-align: center;\"><\/div>\n<\/div>\n<div class=\"dnd_column_dd_span3 sec-first-col\">\n<h3 class=\"h3-contact\"><span>\n<p style=\"text-align: center;\">Pierre Simard<\/p>\n<p style=\"text-align: center;\"><\/span><\/h3>\n<div class=\"p-contact\">\n<p style=\"text-align: center;\">Pr\u00e9sident<br \/>\n418.571.0502<br \/>\npierre@d1c.ca<\/p>\n<p style=\"text-align: center;\"><\/div>\n<\/div>\n<div class=\"dnd_column_dd_span3 \">\n<h3 class=\"h3-contact\"><span>\n<p style=\"text-align: center;\">Jonathan Morin<\/p>\n<p style=\"text-align: center;\"><\/span><\/h3>\n<div class=\"p-contact\">\n<p style=\"text-align: center;\">Directeur de projets et estimation<br \/>\n418.570.5491<br \/>\njmorin@d1c.ca<\/p>\n<p style=\"text-align: center;\">\n<p style=\"text-align: center;\"><\/div>\n<\/div>\n<div class=\"dnd_column_dd_span3 \">\n<h3 class=\"h3-contact\"><span>\n<p style=\"text-align: center;\">Hugo Rouillier<\/p>\n<p style=\"text-align: center;\"><\/span><\/h3>\n<div class=\"p-contact\">\n<p style=\"text-align: center;\">Responsable des op\u00e9rations<br \/>\n819.998.6639<br \/>\nhugo@d1c.ca<\/p>\n<p style=\"text-align: center;\"><\/div>\n<\/div>\n<div class=\"dnd_column_dd_span3 \">\n<h3 class=\"h3-contact\"><span>\n<p style=\"text-align: center;\">Annick Boivin<\/p>\n<p style=\"text-align: center;\"><\/span><\/h3>\n<div class=\"p-contact\">\n<p style=\"text-align: center;\">Comptabilit\u00e9 et Administration<br \/>\naboivin@d1c.ca<\/p>\n<p style=\"text-align: center;\"><\/div>\n<\/div>\n<\/div><\/div>\n\t\t\n\t\t\n\t<\/section>\n<section class=\"dnd_section_dd no_padding\" style=\"background-color:#eeeeee;\">\n\t\t\n\t\t<div class=\"dnd_section_content\"><div class=\"dnd_container\">\n<div class=\"dnd_column_dd_span12 \">\n<div class=\"dnd-callout_box \"><div class=\"dnd_container\"><div class=\"dnd_column_dd_span8\"><span class=\"dnd-callout_box_title\">You want to achieve your brand <strong>new project?<\/strong><\/span>\r\n\t\t<p><\/p><\/div>\r\n\t\t\t\t<div class=\"dnd_column_dd_span4\">\r\n\t\t\t\t\t<a href=\"http:\/\/d1c.ca\/en\/online-quote\/\" target=\"_self\" class=\"dnd-button dnd-button_light dnd-button_normal dnd-button_medium\">Online quote available<\/a>\r\n\t\t\t\t<\/div>\r\n\t\t\t<\/div><\/div>\n<\/div>\n<\/div><\/div>\n\t\t\n\t\t\n\t<\/section>\n","protected":false},"excerpt":{"rendered":"","protected":false},"author":1,"featured_media":0,"parent":0,"menu_order":0,"comment_status":"closed","ping_status":"closed","template":"page-no-container.php","meta":[],"yoast_head":"<!-- This site is optimized with the Yoast SEO plugin v19.3 - https:\/\/yoast.com\/wordpress\/plugins\/seo\/ -->\n<title>Contact us :: Dynamitage 1\u00e8re Classe<\/title>\n<meta name=\"robots\" content=\"index, follow, max-snippet:-1, max-image-preview:large, max-video-preview:-1\" \/>\n<link rel=\"canonical\" href=\"https:\/\/d1c.ca\/en\/contact-us\/\" \/>\n<meta property=\"og:locale\" content=\"en_US\" \/>\n<meta property=\"og:type\" content=\"article\" \/>\n<meta property=\"og:title\" content=\"Contact us :: Dynamitage 1\u00e8re Classe\" \/>\n<meta property=\"og:url\" content=\"https:\/\/d1c.ca\/en\/contact-us\/\" \/>\n<meta property=\"og:site_name\" content=\"Dynamitage 1\u00e8re Classe\" \/>\n<meta property=\"article:publisher\" content=\"https:\/\/www.facebook.com\/dynamitage1ereclasse\" \/>\n<meta property=\"article:modified_time\" content=\"2023-11-14T19:11:10+00:00\" \/>\n<meta name=\"twitter:card\" content=\"summary\" \/>\n<meta name=\"twitter:label1\" content=\"Est. reading time\" \/>\n\t<meta name=\"twitter:data1\" content=\"2 minutes\" \/>\n<script type=\"application\/ld+json\" class=\"yoast-schema-graph\">{\"@context\":\"https:\/\/schema.org\",\"@graph\":[{\"@type\":\"Organization\",\"@id\":\"https:\/\/d1c.ca\/#organization\",\"name\":\"Dynamitage 1\u00e8re Classe\",\"url\":\"https:\/\/d1c.ca\/\",\"sameAs\":[\"https:\/\/www.facebook.com\/dynamitage1ereclasse\"],\"logo\":{\"@type\":\"ImageObject\",\"inLanguage\":\"en-US\",\"@id\":\"https:\/\/d1c.ca\/#\/schema\/logo\/image\/\",\"url\":\"https:\/\/d1c.ca\/wp-content\/uploads\/Logo-125-noir.png\",\"contentUrl\":\"https:\/\/d1c.ca\/wp-content\/uploads\/Logo-125-noir.png\",\"width\":125,\"height\":78,\"caption\":\"Dynamitage 1\u00e8re Classe\"},\"image\":{\"@id\":\"https:\/\/d1c.ca\/#\/schema\/logo\/image\/\"}},{\"@type\":\"WebSite\",\"@id\":\"https:\/\/d1c.ca\/#website\",\"url\":\"https:\/\/d1c.ca\/\",\"name\":\"Dynamitage 1\u00e8re Classe\",\"description\":\"Expert en dynamitage r\u00e9sidentiel et commercial au Qu\u00e9bec\",\"publisher\":{\"@id\":\"https:\/\/d1c.ca\/#organization\"},\"potentialAction\":[{\"@type\":\"SearchAction\",\"target\":{\"@type\":\"EntryPoint\",\"urlTemplate\":\"https:\/\/d1c.ca\/?s={search_term_string}\"},\"query-input\":\"required name=search_term_string\"}],\"inLanguage\":\"en-US\"},{\"@type\":\"WebPage\",\"@id\":\"https:\/\/d1c.ca\/en\/contact-us\/\",\"url\":\"https:\/\/d1c.ca\/en\/contact-us\/\",\"name\":\"Contact us :: Dynamitage 1\u00e8re Classe\",\"isPartOf\":{\"@id\":\"https:\/\/d1c.ca\/#website\"},\"datePublished\":\"2014-12-02T03:23:19+00:00\",\"dateModified\":\"2023-11-14T19:11:10+00:00\",\"breadcrumb\":{\"@id\":\"https:\/\/d1c.ca\/en\/contact-us\/#breadcrumb\"},\"inLanguage\":\"en-US\",\"potentialAction\":[{\"@type\":\"ReadAction\",\"target\":[\"https:\/\/d1c.ca\/en\/contact-us\/\"]}]},{\"@type\":\"BreadcrumbList\",\"@id\":\"https:\/\/d1c.ca\/en\/contact-us\/#breadcrumb\",\"itemListElement\":[{\"@type\":\"ListItem\",\"position\":1,\"name\":\"Accueil\",\"item\":\"https:\/\/d1c.ca\/en\/\"},{\"@type\":\"ListItem\",\"position\":2,\"name\":\"Contact us\"}]}]}<\/script>\n<!-- \/ Yoast SEO plugin. -->","yoast_head_json":{"title":"Contact us :: Dynamitage 1\u00e8re Classe","robots":{"index":"index","follow":"follow","max-snippet":"max-snippet:-1","max-image-preview":"max-image-preview:large","max-video-preview":"max-video-preview:-1"},"canonical":"https:\/\/d1c.ca\/en\/contact-us\/","og_locale":"en_US","og_type":"article","og_title":"Contact us :: Dynamitage 1\u00e8re Classe","og_url":"https:\/\/d1c.ca\/en\/contact-us\/","og_site_name":"Dynamitage 1\u00e8re Classe","article_publisher":"https:\/\/www.facebook.com\/dynamitage1ereclasse","article_modified_time":"2023-11-14T19:11:10+00:00","twitter_card":"summary","twitter_misc":{"Est. reading time":"2 minutes"},"schema":{"@context":"https:\/\/schema.org","@graph":[{"@type":"Organization","@id":"https:\/\/d1c.ca\/#organization","name":"Dynamitage 1\u00e8re Classe","url":"https:\/\/d1c.ca\/","sameAs":["https:\/\/www.facebook.com\/dynamitage1ereclasse"],"logo":{"@type":"ImageObject","inLanguage":"en-US","@id":"https:\/\/d1c.ca\/#\/schema\/logo\/image\/","url":"https:\/\/d1c.ca\/wp-content\/uploads\/Logo-125-noir.png","contentUrl":"https:\/\/d1c.ca\/wp-content\/uploads\/Logo-125-noir.png","width":125,"height":78,"caption":"Dynamitage 1\u00e8re Classe"},"image":{"@id":"https:\/\/d1c.ca\/#\/schema\/logo\/image\/"}},{"@type":"WebSite","@id":"https:\/\/d1c.ca\/#website","url":"https:\/\/d1c.ca\/","name":"Dynamitage 1\u00e8re Classe","description":"Expert en dynamitage r\u00e9sidentiel et commercial au Qu\u00e9bec","publisher":{"@id":"https:\/\/d1c.ca\/#organization"},"potentialAction":[{"@type":"SearchAction","target":{"@type":"EntryPoint","urlTemplate":"https:\/\/d1c.ca\/?s={search_term_string}"},"query-input":"required name=search_term_string"}],"inLanguage":"en-US"},{"@type":"WebPage","@id":"https:\/\/d1c.ca\/en\/contact-us\/","url":"https:\/\/d1c.ca\/en\/contact-us\/","name":"Contact us :: Dynamitage 1\u00e8re Classe","isPartOf":{"@id":"https:\/\/d1c.ca\/#website"},"datePublished":"2014-12-02T03:23:19+00:00","dateModified":"2023-11-14T19:11:10+00:00","breadcrumb":{"@id":"https:\/\/d1c.ca\/en\/contact-us\/#breadcrumb"},"inLanguage":"en-US","potentialAction":[{"@type":"ReadAction","target":["https:\/\/d1c.ca\/en\/contact-us\/"]}]},{"@type":"BreadcrumbList","@id":"https:\/\/d1c.ca\/en\/contact-us\/#breadcrumb","itemListElement":[{"@type":"ListItem","position":1,"name":"Accueil","item":"https:\/\/d1c.ca\/en\/"},{"@type":"ListItem","position":2,"name":"Contact us"}]}]}},"_links":{"self":[{"href":"https:\/\/d1c.ca\/en\/wp-json\/wp\/v2\/pages\/201"}],"collection":[{"href":"https:\/\/d1c.ca\/en\/wp-json\/wp\/v2\/pages"}],"about":[{"href":"https:\/\/d1c.ca\/en\/wp-json\/wp\/v2\/types\/page"}],"author":[{"embeddable":true,"href":"https:\/\/d1c.ca\/en\/wp-json\/wp\/v2\/users\/1"}],"replies":[{"embeddable":true,"href":"https:\/\/d1c.ca\/en\/wp-json\/wp\/v2\/comments?post=201"}],"version-history":[{"count":20,"href":"https:\/\/d1c.ca\/en\/wp-json\/wp\/v2\/pages\/201\/revisions"}],"predecessor-version":[{"id":583,"href":"https:\/\/d1c.ca\/en\/wp-json\/wp\/v2\/pages\/201\/revisions\/583"}],"wp:attachment":[{"href":"https:\/\/d1c.ca\/en\/wp-json\/wp\/v2\/media?parent=201"}],"curies":[{"name":"wp","href":"https:\/\/api.w.org\/{rel}","templated":true}]}}