{"id":127,"date":"2014-11-27T16:21:33","date_gmt":"2014-11-27T16:21:33","guid":{"rendered":"http:\/\/d1c.ca\/?page_id=127"},"modified":"2021-03-19T19:28:33","modified_gmt":"2021-03-19T19:28:33","slug":"home","status":"publish","type":"page","link":"https:\/\/d1c.ca\/en\/","title":{"rendered":"Home"},"content":{"rendered":"\n\t\t\t<!-- START Slider 1 REVOLUTION SLIDER 6.2.18 --><p class=\"rs-p-wp-fix\"><\/p>\n\t\t\t<rs-module-wrap id=\"rev_slider_1_1_wrapper\" data-source=\"gallery\" style=\"background:transparent;padding:0;margin:0px auto;margin-top:0;margin-bottom:0;\">\n\t\t\t\t<rs-module id=\"rev_slider_1_1\" style=\"\" data-version=\"6.2.18\">\n\t\t\t\t\t<rs-slides>\n\t\t\t\t\t\t<rs-slide data-key=\"rs-2\" data-title=\"Slide\" data-anim=\"ei:d;eo:d;s:1000;r:0;t:fade;sl:0;\">\n\t\t\t\t\t\t\t<img src=\"\/\/d1c.ca\/wp-content\/plugins\/revslider\/public\/assets\/assets\/dummy.png\" title=\"slider4\" width=\"1920\" height=\"1280\" data-lazyload=\"\/\/d1c.ca\/wp-content\/uploads\/2014\/11\/slider42.jpg\" class=\"rev-slidebg\" data-no-retina>\n<!--\n\t\t\t\t\t\t\t--><h1\n\t\t\t\t\t\t\t\tid=\"slider-1-slide-2-layer-0\" \n\t\t\t\t\t\t\t\tclass=\"rs-layer\"\n\t\t\t\t\t\t\t\tdata-type=\"text\"\n\t\t\t\t\t\t\t\tdata-rsp_ch=\"on\"\n\t\t\t\t\t\t\t\tdata-xy=\"x:c;y:m;yo:20px,40px,80px,80px;\"\n\t\t\t\t\t\t\t\tdata-text=\"w:normal,nowrap,nowrap,nowrap;s:52,42,32,20;l:58,48,38,26;a:center;\"\n\t\t\t\t\t\t\t\tdata-frame_999=\"o:0;st:w;\"\n\t\t\t\t\t\t\t\tstyle=\"z-index:5;font-family:Lato;\"\n\t\t\t\t\t\t\t><b style=\"font-weight:700\">Leader<\/b> in blasting & drilling accross Quebec \n\t\t\t\t\t\t\t<\/h1><!--\n-->\t\t\t\t\t\t<\/rs-slide>\n\t\t\t\t\t<\/rs-slides>\n\t\t\t\t<\/rs-module>\n\t\t\t\t<script type=\"text\/javascript\">\n\t\t\t\t\tsetREVStartSize({c: 'rev_slider_1_1',rl:[1240,1024,778,480],el:[500,500,400,350],gw:[1240,1024,778,480],gh:[500,500,400,350],type:'hero',justify:'',layout:'fullwidth',mh:\"0\"});\n\t\t\t\t\tvar\trevapi1,\n\t\t\t\t\t\ttpj;\n\t\t\t\t\tjQuery(function() {\n\t\t\t\t\t\ttpj = jQuery;\n\t\t\t\t\t\trevapi1 = tpj(\"#rev_slider_1_1\");\n\t\t\t\t\t\tif(revapi1==undefined || revapi1.revolution == undefined){\n\t\t\t\t\t\t\trevslider_showDoubleJqueryError(\"rev_slider_1_1\");\n\t\t\t\t\t\t}else{\n\t\t\t\t\t\t\trevapi1.revolution({\n\t\t\t\t\t\t\t\tsliderType:\"hero\",\n\t\t\t\t\t\t\t\tsliderLayout:\"fullwidth\",\n\t\t\t\t\t\t\t\tvisibilityLevels:\"1240,1024,778,480\",\n\t\t\t\t\t\t\t\tgridwidth:\"1240,1024,778,480\",\n\t\t\t\t\t\t\t\tgridheight:\"500,500,400,350\",\n\t\t\t\t\t\t\t\tlazyType:\"all\",\n\t\t\t\t\t\t\t\tspinner:\"spinner0\",\n\t\t\t\t\t\t\t\tperspective:600,\n\t\t\t\t\t\t\t\tperspectiveType:\"global\",\n\t\t\t\t\t\t\t\teditorheight:\"500,500,400,350\",\n\t\t\t\t\t\t\t\tresponsiveLevels:\"1240,1024,778,480\",\n\t\t\t\t\t\t\t\tprogressBar:{disableProgressBar:true},\n\t\t\t\t\t\t\t\tnavigation: {\n\t\t\t\t\t\t\t\t\tonHoverStop:false\n\t\t\t\t\t\t\t\t},\n\t\t\t\t\t\t\t});\n\t\t\t\t\t\t}\n\t\t\t\t\t\t\n\t\t\t\t\t});\n\t\t\t\t<\/script>\n\t\t\t\t<script>\n\t\t\t\t\tvar htmlDivCss = unescape(\"%23rev_slider_1_2_forcefullwidth%2C%20%23rev_slider_1_1_forcefullwidth%20%7B%20margin-top%3A%20-124px%21important%3B%20%7D\");\n\t\t\t\t\tvar htmlDiv = document.getElementById('rs-plugin-settings-inline-css');\n\t\t\t\t\tif(htmlDiv) {\n\t\t\t\t\t\thtmlDiv.innerHTML = htmlDiv.innerHTML + htmlDivCss;\n\t\t\t\t\t}else{\n\t\t\t\t\t\tvar htmlDiv = document.createElement('div');\n\t\t\t\t\t\thtmlDiv.innerHTML = '<style>' + htmlDivCss + '<\/style>';\n\t\t\t\t\t\tdocument.getElementsByTagName('head')[0].appendChild(htmlDiv.childNodes[0]);\n\t\t\t\t\t}\n\t\t\t\t<\/script>\n\t\t\t<\/rs-module-wrap>\n\t\t\t<!-- END REVOLUTION SLIDER -->\n\n<section class=\"dnd_section_dd home_services\" style=\"background-color:#ffffff;\">\n\t\t\n\t\t<div class=\"dnd_section_content\"><div class=\"dnd_container\">\n<div class=\"dnd_column_dd_span4 \">\n\r\n\t\t<div class=\"dnd_service_box dnd_service_box_round \">\r\n\t\t\t<div class=\"dnd_service_box_header\"><a href=\"http:\/\/d1c.ca\/en\/services\/\" target=\"_self\" class=\"dnd_icon_boxed\"><i class=\"icon-home2\"><\/i><\/a><a href=\"http:\/\/d1c.ca\/en\/services\/\" target=\"_self\"><h3>Residential, commercial & industrial<\/h3><\/a><span class=\"service_box_subtitle\">FOR PRIVATE PROJECT<\/span><\/div>\r\n\t\t\t<p>A precise and professionnal work in an urban environment, whether for your landscaping, foundation or any kind of building.<\/p>\r\n\t\t<\/div>\n<\/div>\n<div class=\"dnd_column_dd_span4 \">\n\r\n\t\t<div class=\"dnd_service_box dnd_service_box_round top-box-home\">\r\n\t\t\t<div class=\"dnd_service_box_header\"><a href=\"http:\/\/d1c.ca\/en\/services\/\" target=\"_self\" class=\"dnd_icon_boxed\"><i class=\"icon-road\"><\/i><\/a><a href=\"http:\/\/d1c.ca\/en\/services\/\" target=\"_self\"><h3>Civil engineering and road<\/h3><\/a><span class=\"service_box_subtitle\">FOR MAJOR PROJECTS<\/span><\/div>\r\n\t\t\t<p>Road, highway, forest roads, hydroelectric project, or any other type of development, we are the experts.<\/p>\r\n\t\t<\/div>\n<\/div>\n<div class=\"dnd_column_dd_span4 \">\n\r\n\t\t<div class=\"dnd_service_box dnd_service_box_round top-box-home\">\r\n\t\t\t<div class=\"dnd_service_box_header\"><a href=\"http:\/\/d1c.ca\/en\/services\/\" target=\"_self\" class=\"dnd_icon_boxed\"><i class=\"icon-cog\"><\/i><\/a><a href=\"http:\/\/d1c.ca\/en\/services\/\" target=\"_self\"><h3>Quarry<\/h3><\/a><span class=\"service_box_subtitle\">BEST QUALITY OF STONE<\/span><\/div>\r\n\t\t\t<p>No matter how much desired stones, D1C offers impeccable product quality and vibration control. This is how we stand out.<\/p>\r\n\t\t<\/div>\n<\/div>\n<\/div><\/div>\n\t\t\n\t\t\n\t<\/section>\n<section class=\"dnd_section_dd no_padding sms\" style=\"background-color:#f5f5f5;\">\n\t\t\n\t\t<div class=\"dnd_section_content\"><div class=\"dnd_container\">\n<div class=\"dnd_column_dd_span12 \">\n<div class=\"dnd-callout_box \"><div class=\"dnd_container\"><div class=\"dnd_column_dd_span8\"><span class=\"dnd-callout_box_title\">You can reach us by <strong>SMS<\/strong><\/span>\r\n\t\t<p><\/p><\/div>\r\n\t\t\t\t<div class=\"dnd_column_dd_span4\">\r\n\t\t\t\t\t<a href=\"sms:14185710502\" target=\"_self\" class=\"dnd-button dnd-button_light dnd-button_normal dnd-button_medium\">Text us<\/a>\r\n\t\t\t\t<\/div>\r\n\t\t\t<\/div><\/div>\n<\/div>\n<\/div><\/div>\n\t\t\n\t\t\n\t<\/section>\n<section class=\"dnd_section_dd  dnd-parallax\" data-background_image=\"http:\/\/d1c.ca\/wp-content\/uploads\/2014\/01\/parralax1.jpg\" data-parallax=\"0.5\" style=\"background-image:url(http:\/\/d1c.ca\/wp-content\/uploads\/2014\/01\/parralax1.jpg);\">\n\t\t\n\t\t<div class=\"dnd_section_content\"><div class=\"dnd_container\">\n<div class=\"dnd_column_dd_span12 \">\n\n\t\t<div class=\"ABt_testimonials_wrapper_static \">\n\t\t\t\n\t\t\t<ul class=\"ABt_testimonials_slide\" data-play=\"1\" data-fx=\"crossfade\" data-easing=\"quadratic\" data-direction=\"left\" data-duration=\"1000\" data-pauseonhover=\"immediate\" data-timeoutduration=\"5000\">\n\t\t\t\t\n\t\t\t\t<li class=\"testimonials_item\">\n\t\t\t\t\t<div class=\"testimonial_big\">\n\t\t\t\t\t\t<p>\" I am very pleased to have done business with D1C, it is a team that works with professionalism and they have a fast and efficient service. I am sure you will be as well! \"<\/p>\n\t\t\t\t\t\t\n\t\t\t\t\t\t<span class=\"source\"><span class=\"ABt_author\">Mathieu Noreau<\/span>  <span class=\"ABt_company\">Blasting \/ Private yard<\/span><\/span>\n\t\t\t\t\t<\/div>\n\t\t\t\t<\/li>\n\t\t\t<\/ul>\n\t\t\t\n\t\t<\/div>\n<\/div>\n<\/div><\/div>\n\t\t\n\t\t\n\t<\/section>\n<section class=\"dnd_section_dd we_love_our_works section_body_fullwidth section_with_header\" style=\"background-color:#fff;\">\n\t\t<header><div class=\"dnd_container\"><h3>Our <strong>latest works<\/strong><\/h3><\/div><\/header>\n\t\t<div class=\"dnd_section_content\"><div class=\"dnd_container\">\n<div class=\"dnd_column_dd_span12 \">\n\n\t\t<ul id=\"filters\" class=\"portfolio_filter option-set clearfix\" data-option-key=\"filter\"><li><a href=\"#filter\" data-option-value=\"*\" class=\"selected\">All<\/a><\/li><li><a href=\"#filter\" data-option-value=\".civil-engineering-roads\">Civil engineering &amp; roads<\/a><\/li><li><a href=\"#filter\" data-option-value=\".quarry\">Quarry<\/a><\/li><li><a href=\"#filter\" data-option-value=\".residential-commercial-industrial\">Residential, commercial &amp; industrial<\/a><\/li><\/ul>\n\t\t<div id=\"ABdev_latest_portfolio\" class=\"clearfix\">\n\t\t\t<div class=\"portfolio_item portfolio_item_4 civil-engineering-roads\">\n\t\t\t\t<div class=\"overlayed\">\n\t\t\t\t\t<img width=\"770\" height=\"619\" src=\"https:\/\/d1c.ca\/wp-content\/uploads\/Romaine2.jpg\" class=\"attachment-post-thumbnail size-post-thumbnail wp-post-image\" alt=\"\" loading=\"lazy\" srcset=\"https:\/\/d1c.ca\/wp-content\/uploads\/Romaine2.jpg 770w, https:\/\/d1c.ca\/wp-content\/uploads\/Romaine2-300x241.jpg 300w\" sizes=\"(max-width: 770px) 100vw, 770px\" \/>\n\t\t\t\t\t<a class=\"overlay\" href=\"https:\/\/d1c.ca\/en\/portfolio\/romaine-tio\/\">\n\t\t\t\t\t\t<p class=\"overlay_title\">Romaine-Tio<\/p>\n\t\t\t\t\t\t<p class=\"portfolio_item_tags\">\n\t\t\t\t\t\t\tCivil engineering &amp; roads\n\t\t\t\t\t\t<\/p>\n\t\t\t\t\t\t<span class=\"dnd-button dnd-button_normal dnd-button_medium\">More <i class=\"icon-arrowright\"><\/i><\/span>\n\t\t\t\t\t<\/a>\n\t\t\t\t<\/div>\n\t\t\t<\/div><div class=\"portfolio_item portfolio_item_4 civil-engineering-roads\">\n\t\t\t\t<div class=\"overlayed\">\n\t\t\t\t\t<img width=\"770\" height=\"619\" src=\"https:\/\/d1c.ca\/wp-content\/uploads\/Romaine1.jpg\" class=\"attachment-post-thumbnail size-post-thumbnail wp-post-image\" alt=\"\" loading=\"lazy\" srcset=\"https:\/\/d1c.ca\/wp-content\/uploads\/Romaine1.jpg 770w, https:\/\/d1c.ca\/wp-content\/uploads\/Romaine1-300x241.jpg 300w\" sizes=\"(max-width: 770px) 100vw, 770px\" \/>\n\t\t\t\t\t<a class=\"overlay\" href=\"https:\/\/d1c.ca\/en\/portfolio\/romaine-tio-winter\/\">\n\t\t\t\t\t\t<p class=\"overlay_title\">Romaine-Tio &#8211; Winter<\/p>\n\t\t\t\t\t\t<p class=\"portfolio_item_tags\">\n\t\t\t\t\t\t\tCivil engineering &amp; roads\n\t\t\t\t\t\t<\/p>\n\t\t\t\t\t\t<span class=\"dnd-button dnd-button_normal dnd-button_medium\">More <i class=\"icon-arrowright\"><\/i><\/span>\n\t\t\t\t\t<\/a>\n\t\t\t\t<\/div>\n\t\t\t<\/div><div class=\"portfolio_item portfolio_item_4 civil-engineering-roads quarry residential-commercial-industrial\">\n\t\t\t\t<div class=\"overlayed\">\n\t\t\t\t\t<img width=\"770\" height=\"619\" src=\"https:\/\/d1c.ca\/wp-content\/uploads\/d1c-equipment.jpg\" class=\"attachment-post-thumbnail size-post-thumbnail wp-post-image\" alt=\"\" loading=\"lazy\" srcset=\"https:\/\/d1c.ca\/wp-content\/uploads\/d1c-equipment.jpg 770w, https:\/\/d1c.ca\/wp-content\/uploads\/d1c-equipment-300x241.jpg 300w\" sizes=\"(max-width: 770px) 100vw, 770px\" \/>\n\t\t\t\t\t<a class=\"overlay\" href=\"https:\/\/d1c.ca\/en\/portfolio\/d1c-equipment\/\">\n\t\t\t\t\t\t<p class=\"overlay_title\">D1C Equipment<\/p>\n\t\t\t\t\t\t<p class=\"portfolio_item_tags\">\n\t\t\t\t\t\t\tCivil engineering &amp; roads, Quarry, Residential, commercial &amp; industrial\n\t\t\t\t\t\t<\/p>\n\t\t\t\t\t\t<span class=\"dnd-button dnd-button_normal dnd-button_medium\">More <i class=\"icon-arrowright\"><\/i><\/span>\n\t\t\t\t\t<\/a>\n\t\t\t\t<\/div>\n\t\t\t<\/div><div class=\"portfolio_item portfolio_item_4 residential-commercial-industrial\">\n\t\t\t\t<div class=\"overlayed\">\n\t\t\t\t\t<img width=\"770\" height=\"619\" src=\"https:\/\/d1c.ca\/wp-content\/uploads\/tandem.jpg\" class=\"attachment-post-thumbnail size-post-thumbnail wp-post-image\" alt=\"\" loading=\"lazy\" srcset=\"https:\/\/d1c.ca\/wp-content\/uploads\/tandem.jpg 770w, https:\/\/d1c.ca\/wp-content\/uploads\/tandem-300x241.jpg 300w\" sizes=\"(max-width: 770px) 100vw, 770px\" \/>\n\t\t\t\t\t<a class=\"overlay\" href=\"https:\/\/d1c.ca\/en\/portfolio\/tandem-condo-2\/\">\n\t\t\t\t\t\t<p class=\"overlay_title\">Tandem Condo<\/p>\n\t\t\t\t\t\t<p class=\"portfolio_item_tags\">\n\t\t\t\t\t\t\tResidential, commercial &amp; industrial\n\t\t\t\t\t\t<\/p>\n\t\t\t\t\t\t<span class=\"dnd-button dnd-button_normal dnd-button_medium\">More <i class=\"icon-arrowright\"><\/i><\/span>\n\t\t\t\t\t<\/a>\n\t\t\t\t<\/div>\n\t\t\t<\/div>\n\t\t<\/div>\n<\/div>\n<\/div><\/div>\n\t\t\n\t\t\n\t<\/section>\n<section class=\"dnd_section_dd no_padding\" style=\"background-color:#eeeeee;\">\n\t\t\n\t\t<div class=\"dnd_section_content\"><div class=\"dnd_container\">\n<div class=\"dnd_column_dd_span12 \">\n<div class=\"dnd-callout_box \"><div class=\"dnd_container\"><div class=\"dnd_column_dd_span8\"><span class=\"dnd-callout_box_title\">You want to achieve your brand <strong>new project?<\/strong><\/span>\r\n\t\t<p><\/p><\/div>\r\n\t\t\t\t<div class=\"dnd_column_dd_span4\">\r\n\t\t\t\t\t<a href=\"http:\/\/d1c.ca\/en\/online-quote\/\" target=\"_self\" class=\"dnd-button dnd-button_light dnd-button_normal dnd-button_medium\">Online quote available<\/a>\r\n\t\t\t\t<\/div>\r\n\t\t\t<\/div><\/div>\n<\/div>\n<\/div><\/div>\n\t\t\n\t\t\n\t<\/section>\n","protected":false},"excerpt":{"rendered":"","protected":false},"author":1,"featured_media":0,"parent":0,"menu_order":0,"comment_status":"closed","ping_status":"closed","template":"page-front-page-revolution.php","meta":[],"yoast_head":"<!-- This site is optimized with the Yoast SEO plugin v19.3 - https:\/\/yoast.com\/wordpress\/plugins\/seo\/ -->\n<title>Dynamitage 1\u00e8re Classe :: Blasting and foraging experts in Quebec<\/title>\n<meta name=\"description\" content=\"More than 15 years experience in the field of blasting and drilling. Professional and superior service at the best prices throughout Quebec.\" \/>\n<meta name=\"robots\" content=\"index, follow, max-snippet:-1, max-image-preview:large, max-video-preview:-1\" \/>\n<link rel=\"canonical\" href=\"https:\/\/d1c.ca\/en\/\" \/>\n<meta property=\"og:locale\" content=\"en_US\" \/>\n<meta property=\"og:type\" content=\"article\" \/>\n<meta property=\"og:title\" content=\"Dynamitage 1\u00e8re Classe :: Blasting and foraging experts in Quebec\" \/>\n<meta property=\"og:description\" content=\"More than 15 years experience in the field of blasting and drilling. Professional and superior service at the best prices throughout Quebec.\" \/>\n<meta property=\"og:url\" content=\"https:\/\/d1c.ca\/en\/\" \/>\n<meta property=\"og:site_name\" content=\"Dynamitage 1\u00e8re Classe\" \/>\n<meta property=\"article:publisher\" content=\"https:\/\/www.facebook.com\/dynamitage1ereclasse\" \/>\n<meta property=\"article:modified_time\" content=\"2021-03-19T19:28:33+00:00\" \/>\n<meta name=\"twitter:card\" content=\"summary\" \/>\n<meta name=\"twitter:label1\" content=\"Est. reading time\" \/>\n\t<meta name=\"twitter:data1\" content=\"2 minutes\" \/>\n<script type=\"application\/ld+json\" class=\"yoast-schema-graph\">{\"@context\":\"https:\/\/schema.org\",\"@graph\":[{\"@type\":\"Organization\",\"@id\":\"https:\/\/d1c.ca\/#organization\",\"name\":\"Dynamitage 1\u00e8re Classe\",\"url\":\"https:\/\/d1c.ca\/\",\"sameAs\":[\"https:\/\/www.facebook.com\/dynamitage1ereclasse\"],\"logo\":{\"@type\":\"ImageObject\",\"inLanguage\":\"en-US\",\"@id\":\"https:\/\/d1c.ca\/#\/schema\/logo\/image\/\",\"url\":\"https:\/\/d1c.ca\/wp-content\/uploads\/Logo-125-noir.png\",\"contentUrl\":\"https:\/\/d1c.ca\/wp-content\/uploads\/Logo-125-noir.png\",\"width\":125,\"height\":78,\"caption\":\"Dynamitage 1\u00e8re Classe\"},\"image\":{\"@id\":\"https:\/\/d1c.ca\/#\/schema\/logo\/image\/\"}},{\"@type\":\"WebSite\",\"@id\":\"https:\/\/d1c.ca\/#website\",\"url\":\"https:\/\/d1c.ca\/\",\"name\":\"Dynamitage 1\u00e8re Classe\",\"description\":\"Expert en dynamitage r\u00e9sidentiel et commercial au Qu\u00e9bec\",\"publisher\":{\"@id\":\"https:\/\/d1c.ca\/#organization\"},\"potentialAction\":[{\"@type\":\"SearchAction\",\"target\":{\"@type\":\"EntryPoint\",\"urlTemplate\":\"https:\/\/d1c.ca\/?s={search_term_string}\"},\"query-input\":\"required name=search_term_string\"}],\"inLanguage\":\"en-US\"},{\"@type\":\"WebPage\",\"@id\":\"https:\/\/d1c.ca\/en\/\",\"url\":\"https:\/\/d1c.ca\/en\/\",\"name\":\"Dynamitage 1\u00e8re Classe :: Blasting and foraging experts in Quebec\",\"isPartOf\":{\"@id\":\"https:\/\/d1c.ca\/#website\"},\"datePublished\":\"2014-11-27T16:21:33+00:00\",\"dateModified\":\"2021-03-19T19:28:33+00:00\",\"description\":\"More than 15 years experience in the field of blasting and drilling. Professional and superior service at the best prices throughout Quebec.\",\"breadcrumb\":{\"@id\":\"https:\/\/d1c.ca\/en\/#breadcrumb\"},\"inLanguage\":\"en-US\",\"potentialAction\":[{\"@type\":\"ReadAction\",\"target\":[\"https:\/\/d1c.ca\/en\/\"]}]},{\"@type\":\"BreadcrumbList\",\"@id\":\"https:\/\/d1c.ca\/en\/#breadcrumb\",\"itemListElement\":[{\"@type\":\"ListItem\",\"position\":1,\"name\":\"Accueil\",\"item\":\"https:\/\/d1c.ca\/en\/\"},{\"@type\":\"ListItem\",\"position\":2,\"name\":\"Home\"}]}]}<\/script>\n<!-- \/ Yoast SEO plugin. -->","yoast_head_json":{"title":"Dynamitage 1\u00e8re Classe :: Blasting and foraging experts in Quebec","description":"More than 15 years experience in the field of blasting and drilling. Professional and superior service at the best prices throughout Quebec.","robots":{"index":"index","follow":"follow","max-snippet":"max-snippet:-1","max-image-preview":"max-image-preview:large","max-video-preview":"max-video-preview:-1"},"canonical":"https:\/\/d1c.ca\/en\/","og_locale":"en_US","og_type":"article","og_title":"Dynamitage 1\u00e8re Classe :: Blasting and foraging experts in Quebec","og_description":"More than 15 years experience in the field of blasting and drilling. Professional and superior service at the best prices throughout Quebec.","og_url":"https:\/\/d1c.ca\/en\/","og_site_name":"Dynamitage 1\u00e8re Classe","article_publisher":"https:\/\/www.facebook.com\/dynamitage1ereclasse","article_modified_time":"2021-03-19T19:28:33+00:00","twitter_card":"summary","twitter_misc":{"Est. reading time":"2 minutes"},"schema":{"@context":"https:\/\/schema.org","@graph":[{"@type":"Organization","@id":"https:\/\/d1c.ca\/#organization","name":"Dynamitage 1\u00e8re Classe","url":"https:\/\/d1c.ca\/","sameAs":["https:\/\/www.facebook.com\/dynamitage1ereclasse"],"logo":{"@type":"ImageObject","inLanguage":"en-US","@id":"https:\/\/d1c.ca\/#\/schema\/logo\/image\/","url":"https:\/\/d1c.ca\/wp-content\/uploads\/Logo-125-noir.png","contentUrl":"https:\/\/d1c.ca\/wp-content\/uploads\/Logo-125-noir.png","width":125,"height":78,"caption":"Dynamitage 1\u00e8re Classe"},"image":{"@id":"https:\/\/d1c.ca\/#\/schema\/logo\/image\/"}},{"@type":"WebSite","@id":"https:\/\/d1c.ca\/#website","url":"https:\/\/d1c.ca\/","name":"Dynamitage 1\u00e8re Classe","description":"Expert en dynamitage r\u00e9sidentiel et commercial au Qu\u00e9bec","publisher":{"@id":"https:\/\/d1c.ca\/#organization"},"potentialAction":[{"@type":"SearchAction","target":{"@type":"EntryPoint","urlTemplate":"https:\/\/d1c.ca\/?s={search_term_string}"},"query-input":"required name=search_term_string"}],"inLanguage":"en-US"},{"@type":"WebPage","@id":"https:\/\/d1c.ca\/en\/","url":"https:\/\/d1c.ca\/en\/","name":"Dynamitage 1\u00e8re Classe :: Blasting and foraging experts in Quebec","isPartOf":{"@id":"https:\/\/d1c.ca\/#website"},"datePublished":"2014-11-27T16:21:33+00:00","dateModified":"2021-03-19T19:28:33+00:00","description":"More than 15 years experience in the field of blasting and drilling. Professional and superior service at the best prices throughout Quebec.","breadcrumb":{"@id":"https:\/\/d1c.ca\/en\/#breadcrumb"},"inLanguage":"en-US","potentialAction":[{"@type":"ReadAction","target":["https:\/\/d1c.ca\/en\/"]}]},{"@type":"BreadcrumbList","@id":"https:\/\/d1c.ca\/en\/#breadcrumb","itemListElement":[{"@type":"ListItem","position":1,"name":"Accueil","item":"https:\/\/d1c.ca\/en\/"},{"@type":"ListItem","position":2,"name":"Home"}]}]}},"_links":{"self":[{"href":"https:\/\/d1c.ca\/en\/wp-json\/wp\/v2\/pages\/127"}],"collection":[{"href":"https:\/\/d1c.ca\/en\/wp-json\/wp\/v2\/pages"}],"about":[{"href":"https:\/\/d1c.ca\/en\/wp-json\/wp\/v2\/types\/page"}],"author":[{"embeddable":true,"href":"https:\/\/d1c.ca\/en\/wp-json\/wp\/v2\/users\/1"}],"replies":[{"embeddable":true,"href":"https:\/\/d1c.ca\/en\/wp-json\/wp\/v2\/comments?post=127"}],"version-history":[{"count":10,"href":"https:\/\/d1c.ca\/en\/wp-json\/wp\/v2\/pages\/127\/revisions"}],"predecessor-version":[{"id":356,"href":"https:\/\/d1c.ca\/en\/wp-json\/wp\/v2\/pages\/127\/revisions\/356"}],"wp:attachment":[{"href":"https:\/\/d1c.ca\/en\/wp-json\/wp\/v2\/media?parent=127"}],"curies":[{"name":"wp","href":"https:\/\/api.w.org\/{rel}","templated":true}]}}